{"id":51082,"date":"2025-11-17T23:02:55","date_gmt":"2025-11-17T22:02:55","guid":{"rendered":"http:\/\/fokussrl.com\/prodotto\/caminetto-elettrico-ereflex-75-rw-gazco\/"},"modified":"2025-11-20T01:03:40","modified_gmt":"2025-11-20T00:03:40","slug":"caminetto-elettrico-solus-75-e-trimline","status":"publish","type":"product","link":"https:\/\/www.fokussrl.com\/it\/prodotto\/caminetto-elettrico-solus-75-e-trimline\/","title":{"rendered":"Caminetto elettrico SOLUS 75 E &#8211; Trimline"},"content":{"rendered":"<ul>\n<li>Dimensioni necessarie per l\u2019incasso (l x a x p): 78 x 84,8 x 29,6 cm<\/li>\n<li>Dimensioni camino a vista dopo l\u2019incasso (l x a): 75 x 69,4 cm<\/li>\n<li>Potenza massima: 1,8 Kw.<\/li>\n<li>Potenza minima: 0,9 Kw.<\/li>\n<li>Peso: 47,5 Kg.<\/li>\n<li>Regolazione potenza &amp; luminosit\u00e0: tramite telecomando<\/li>\n<li>Regolazione termostatica della potenza: tramite telecomando<\/li>\n<li>Colori fiamma con diverse combinazioni o fiamma spenta<\/li>\n<li>Colori letto di combustione con diverse combinazioni o fiamma spenta<\/li>\n<li>Colori luce sotto il letto di combustione con diverse combinazioni o fiamma spenta<\/li>\n<li>Sei temi luce pre programmati inclusi<\/li>\n<li>Rivestimento a scelta sulla base: ceppi di legna, ciottoli grigi e chiari o effetto ghiaccio<\/li>\n<li>Suono effetto scoppiettio del fuoco.<\/li>\n<li>Scarico fumi: NO canna fumaria<\/li>\n<li>Possibilit\u00e0 utilizzo senza riscaldamento: s\u00ec<\/li>\n<li>Installazione: inserto da incasso<\/li>\n<li>Comandabile tramite telecomando o app TUYA SMART scaricabile dal proprio ap store iOS o Android<\/li>\n<\/ul>\n<p><!--more--><\/p>\n","protected":false},"excerpt":{"rendered":"<p>Il Trimline 75 E Solus \u00e8 un caminetto versatile perfettamente a suo agio sia in un ambiente contemporaneo che in un ambiente pi\u00f9 tradizionale. L&#8217;ampiezza del vetro \u00e8 adatta ad essere abbinata a vari elementi di arredo. Questo caminetto pu\u00f2 tranquillamente essere trasformato da monofacciale ad angolare destro o sinistro o addirittura trifacciale.<\/p>\n<p>OPTIONAL:<\/p>\n<p>Il <em data-start=\"77\" data-end=\"99\">Coppice real log set<\/em> \u00e8 un upgrade premium per i caminetti Solus, pensato per aumentare il realismo dell\u2019effetto fiamma. Si tratta di un set artigianale realizzato con tronchi naturali selezionati con cura, che ricreano un autentico letto di combustibile su griglia. Il risultato \u00e8 un aspetto estremamente realistico, con l\u2019illusione di vere braci incandescenti simili a quelle di un fuoco acceso nel bosco.<\/p>\n<p>L\u2019<em data-start=\"74\" data-end=\"92\">ambient lighting<\/em> Solus permette di estendere l\u2019atmosfera del caminetto all\u2019intera stanza grazie a un kit di illuminazione aggiuntiva. Offre 15 modalit\u00e0 di colore e consente di creare un ambiente ancora pi\u00f9 immersivo e personalizzato. L\u2019illuminazione pu\u00f2 essere controllata sia dal telecomando del caminetto sia tramite un dispositivo smart, aggiungendo una dimensione interattiva all\u2019esperienza.<\/p>\n","protected":false},"featured_media":67543,"template":"","meta":{"_acf_changed":false},"product_brand":[5172],"product_cat":[4530],"product_tag":[1854],"class_list":{"0":"post-51082","1":"product","2":"type-product","3":"status-publish","4":"has-post-thumbnail","6":"product_brand-trimline","7":"product_cat-caminetti-elettrici","8":"product_tag-caminetti-elettrici-gazco","9":"product_shipping_class-caminetti-elettrici","10":"sales-flash-overlay","11":"woocommerce-text-align-center","12":"woocommerce-image-align-center","13":"do-quantity-buttons","15":"first","16":"instock","17":"taxable","18":"shipping-taxable","19":"purchasable","20":"product-type-simple"},"acf":[],"_links":{"self":[{"href":"https:\/\/www.fokussrl.com\/it\/wp-json\/wp\/v2\/product\/51082","targetHints":{"allow":["GET"]}}],"collection":[{"href":"https:\/\/www.fokussrl.com\/it\/wp-json\/wp\/v2\/product"}],"about":[{"href":"https:\/\/www.fokussrl.com\/it\/wp-json\/wp\/v2\/types\/product"}],"wp:featuredmedia":[{"embeddable":true,"href":"https:\/\/www.fokussrl.com\/it\/wp-json\/wp\/v2\/media\/67543"}],"wp:attachment":[{"href":"https:\/\/www.fokussrl.com\/it\/wp-json\/wp\/v2\/media?parent=51082"}],"wp:term":[{"taxonomy":"product_brand","embeddable":true,"href":"https:\/\/www.fokussrl.com\/it\/wp-json\/wp\/v2\/product_brand?post=51082"},{"taxonomy":"product_cat","embeddable":true,"href":"https:\/\/www.fokussrl.com\/it\/wp-json\/wp\/v2\/product_cat?post=51082"},{"taxonomy":"product_tag","embeddable":true,"href":"https:\/\/www.fokussrl.com\/it\/wp-json\/wp\/v2\/product_tag?post=51082"}],"curies":[{"name":"wp","href":"https:\/\/api.w.org\/{rel}","templated":true}]}}