{"id":51122,"date":"2025-01-30T23:02:55","date_gmt":"2025-01-30T22:02:55","guid":{"rendered":"http:\/\/fokussrl.com\/prodotto\/caminetto-elettrico-ereflex-55-rw-gazco\/"},"modified":"2025-01-30T23:03:00","modified_gmt":"2025-01-30T22:03:00","slug":"caminetto-elettrico-ereflex-55-rw-gazco","status":"publish","type":"product","link":"https:\/\/www.fokussrl.com\/it\/prodotto\/caminetto-elettrico-ereflex-55-rw-gazco\/","title":{"rendered":"Caminetto elettrico eReflex 55 RW &#8211; Gazco"},"content":{"rendered":"<ul>\n<li>Dimensioni necessarie per l&rsquo;incasso (l x a x p): 65,7 x 78 x 30 cm<\/li>\n<li>Dimensioni camino a vista dopo l&rsquo;incasso (l x a): 60 x 60 cm<\/li>\n<li>Potenza termica: zero o 1 o 2 kW<\/li>\n<li>Programmabilit&agrave; settimanale: si, tramite telecomando<\/li>\n<li>Regolazione potenza &amp; luminosit&agrave;: tramite telecomando<\/li>\n<li>Regolazione termostatica della potenza: tramite telecomando<\/li>\n<li>Colori fiamma a scelta: arancione, blu o mix arancione\/blu<\/li>\n<li>Rivestimento a scelta sulla base: ceppi di legna, ciottoli grigi e chiari o effetto ghiaccio<\/li>\n<li>Scarico fumi: NO canna fumaria<\/li>\n<li>Possibilit&agrave; utilizzo senza riscaldamento: si<\/li>\n<li>Installazione: inserto da incasso<\/li>\n<\/ul>\n","protected":false},"excerpt":{"rendered":"<p>I caminetti elettrici della linea eReflex Inset (ex Skope) sono l&#8217;ultima novit\u00e0 in casa Gazco.<\/p>\n<p>L&#8217;inset 55RW \u00e8 il pi\u00f9 piccolo della serie da incasso eReflex, ma come tutti i camini eReflex anche questo modello pi\u00f9 piccolo garantisce una potenza termica massima di 2 kW.<\/p>\n<p>Se per\u00f2 l&#8217;ambiente \u00e8 gi\u00e0 caldo e volete semplicemente godervi la serata con i vostri ospiti davanti allo spettacolare gioco delle fiamme, basta un semplice clic sul telecomando multifunzionale che viene fornito in dotazione con questo caminetto.<\/p>\n<p>Tramite il telecomando potrete anche variare la luminosti\u00e0 delle fiamme e scegliere il colore dell&#8217;illuminazione della legna dal basso.<\/p>\n","protected":false},"featured_media":51123,"template":"","meta":{"_acf_changed":false},"product_brand":[4028],"product_cat":[4530],"product_tag":[1854],"class_list":{"0":"post-51122","1":"product","2":"type-product","3":"status-publish","4":"has-post-thumbnail","6":"product_brand-gazco","7":"product_cat-caminetti-elettrici","8":"product_tag-caminetti-elettrici-gazco","9":"product_shipping_class-caminetti-elettrici","10":"sales-flash-overlay","11":"woocommerce-text-align-center","12":"woocommerce-image-align-center","13":"do-quantity-buttons","15":"first","16":"instock","17":"taxable","18":"shipping-taxable","19":"purchasable","20":"product-type-simple"},"acf":[],"_links":{"self":[{"href":"https:\/\/www.fokussrl.com\/it\/wp-json\/wp\/v2\/product\/51122","targetHints":{"allow":["GET"]}}],"collection":[{"href":"https:\/\/www.fokussrl.com\/it\/wp-json\/wp\/v2\/product"}],"about":[{"href":"https:\/\/www.fokussrl.com\/it\/wp-json\/wp\/v2\/types\/product"}],"wp:featuredmedia":[{"embeddable":true,"href":"https:\/\/www.fokussrl.com\/it\/wp-json\/wp\/v2\/media\/51123"}],"wp:attachment":[{"href":"https:\/\/www.fokussrl.com\/it\/wp-json\/wp\/v2\/media?parent=51122"}],"wp:term":[{"taxonomy":"product_brand","embeddable":true,"href":"https:\/\/www.fokussrl.com\/it\/wp-json\/wp\/v2\/product_brand?post=51122"},{"taxonomy":"product_cat","embeddable":true,"href":"https:\/\/www.fokussrl.com\/it\/wp-json\/wp\/v2\/product_cat?post=51122"},{"taxonomy":"product_tag","embeddable":true,"href":"https:\/\/www.fokussrl.com\/it\/wp-json\/wp\/v2\/product_tag?post=51122"}],"curies":[{"name":"wp","href":"https:\/\/api.w.org\/{rel}","templated":true}]}}