{"id":51140,"date":"2025-01-30T23:02:55","date_gmt":"2025-01-30T22:02:55","guid":{"rendered":"http:\/\/fokussrl.com\/prodotto\/stufa-combinata-legna-pellet-autopulente-twin-mini-6-girolami\/"},"modified":"2025-01-30T23:03:02","modified_gmt":"2025-01-30T22:03:02","slug":"stufa-combinata-legna-pellet-autopulente-twin-mini-6-girolami","status":"publish","type":"product","link":"https:\/\/www.fokussrl.com\/it\/prodotto\/stufa-combinata-legna-pellet-autopulente-twin-mini-6-girolami\/","title":{"rendered":"Stufa combinata legna-pellet autopulente TWIN MINI 6 &#8211; Girolami"},"content":{"rendered":"<h2>Caratteristiche tecniche<\/h2>\n<ul>\n<li>Peso: 155 Kg<\/li>\n<li>Scarico fumi: 130 mm<\/li>\n<li>Rendimento max: 95,7%<\/li>\n<li>Serbatoio pellet: 15 kg<\/li>\n<li>Volume riscaldabile: 191 m&sup3;<\/li>\n<\/ul>\n<h2>Caratteristiche generali<\/h2>\n<ul>\n<li>Funzionamento sia a pellet che a legna<\/li>\n<li>Passaggio automatico pellet\/legna e legna\/pellet<\/li>\n<li>Sistema di alimentazione dal basso<\/li>\n<li>Ventilazione forzata in ambiente<\/li>\n<li>Modalit&agrave; silenziosa (convezione naturale) attivabile dal radiocomando<\/li>\n<li>Ampia visibilit&agrave; della fiamma<\/li>\n<li>Funzionamento anche a convezione naturale<\/li>\n<li>Uscita fumi superiore<\/li>\n<li>Radiocomando LCD con sonda temperatura<\/li>\n<li>ambiente<\/li>\n<li>Camera di combustione in refrattario ceramico<\/li>\n<li>Sistema di caricamento con motoriduttore brushless<\/li>\n<li>Cassetto cenere<\/li>\n<li>Vetro ceramico serigrafato<\/li>\n<li>Valvola stellare<\/li>\n<li>Valvola antiscoppio meccanica<\/li>\n<li>Dispositivo elettromeccanico di sicurezza per blackout elettrico<\/li>\n<\/ul>\n","protected":false},"excerpt":{"rendered":"<p>La Twin Mini \u00e8 una stufa ibrida ad aria che permette di scegliere tra legna e pellet come combustibile, con una sola camera di combustione. \u00c8 dotata di un design elegante con profilati in alluminio che favoriscono la diffusione del calore. La stufa \u00e8 altamente tecnologica, includendo funzionalit\u00e0 come un palmare radio optional, un sistema di caricamento del combustibile brevettato con alimentazione a sorgente, WiFi e un motoriduttore brushless. Ha anche una modalit\u00e0 &#8220;SuperSilent&#8221; per un funzionamento silenzioso tramite convezione naturale. Inoltre, \u00e8 certificata per case passive grazie alla sua camera stagna.<\/p \n\n","protected":false},"featured_media":51141,"template":"","meta":{"_acf_changed":false},"product_brand":[4029],"product_cat":[4549],"product_tag":[1857],"class_list":{"0":"post-51140","1":"product","2":"type-product","3":"status-publish","4":"has-post-thumbnail","6":"product_brand-girolami","7":"product_cat-stufe-a-legna-pellet","8":"product_tag-stufe-a-legna-pellet-girolami","9":"product_shipping_class-stufe-legna-pellet","10":"sales-flash-overlay","11":"woocommerce-text-align-center","12":"woocommerce-image-align-center","13":"do-quantity-buttons","15":"first","16":"instock","17":"taxable","18":"shipping-taxable","19":"purchasable","20":"product-type-simple"},"acf":[],"_links":{"self":[{"href":"https:\/\/www.fokussrl.com\/it\/wp-json\/wp\/v2\/product\/51140","targetHints":{"allow":["GET"]}}],"collection":[{"href":"https:\/\/www.fokussrl.com\/it\/wp-json\/wp\/v2\/product"}],"about":[{"href":"https:\/\/www.fokussrl.com\/it\/wp-json\/wp\/v2\/types\/product"}],"wp:featuredmedia":[{"embeddable":true,"href":"https:\/\/www.fokussrl.com\/it\/wp-json\/wp\/v2\/media\/51141"}],"wp:attachment":[{"href":"https:\/\/www.fokussrl.com\/it\/wp-json\/wp\/v2\/media?parent=51140"}],"wp:term":[{"taxonomy":"product_brand","embeddable":true,"href":"https:\/\/www.fokussrl.com\/it\/wp-json\/wp\/v2\/product_brand?post=51140"},{"taxonomy":"product_cat","embeddable":true,"href":"https:\/\/www.fokussrl.com\/it\/wp-json\/wp\/v2\/product_cat?post=51140"},{"taxonomy":"product_tag","embeddable":true,"href":"https:\/\/www.fokussrl.com\/it\/wp-json\/wp\/v2\/product_tag?post=51140"}],"curies":[{"name":"wp","href":"https:\/\/api.w.org\/{rel}","templated":true}]}}