{"id":51166,"date":"2025-01-30T23:02:55","date_gmt":"2025-01-30T22:02:55","guid":{"rendered":"http:\/\/fokussrl.com\/prodotto\/inserto-a-pellet-idro-synthesis-modular-idro-jolly-mec\/"},"modified":"2025-04-01T09:18:11","modified_gmt":"2025-04-01T07:18:11","slug":"inserto-a-pellet-idro-synthesis-modular-idro-jolly-mec","status":"publish","type":"product","link":"https:\/\/www.fokussrl.com\/it\/prodotto\/inserto-a-pellet-idro-synthesis-modular-idro-jolly-mec\/","title":{"rendered":"Inserto a pellet idro SYNTHESIS MODULAR IDRO &#8211; Jolly Mec"},"content":{"rendered":"<h2>Caratteristiche tecniche<\/h2>\n<ul>\n<li>Nome modello: SYNTHESIS MODULAR IDRO<\/li>\n<li>Misure [h x l x p] (cm): 80,6 x 80 x 69,15<\/li>\n<li>Potenza nominale (kW): 21,2<\/li>\n<li>Potenza al fluido (kW): 18,2<\/li>\n<li>Rendimento (%): 93,5 &#8211; 92,4<\/li>\n<li>Ermeticit\u00e0: &#8211;<\/li>\n<li>Potenza bruciata (kW): 22,9<\/li>\n<li>Rendimento Energetico Stagionale: (%) 82<\/li>\n<li>Diametro uscita fumi (mm): 100<\/li>\n<li>Diametro ingresso aria (mm): 50<\/li>\n<li>Contenuto serbatoio (kg): 35<\/li>\n<li>Temperatura media fumi (\u00b0C): 142,3<\/li>\n<li>Tiraggio minimo (Pa): 8<\/li>\n<li>Peso (kg): 215<\/li>\n<li>Classe Energetica: A+<\/li>\n<\/ul>\n<h2>Configurazione di serie<\/h2>\n<ul>\n<li>Radiocomando con sonda temperatura integrata e schermo retroilluminato<\/li>\n<li>Porta in vetro ceramico<\/li>\n<li>Kit idraulico montato e collaudato in fabbrica<\/li>\n<li>Sistema manuale di pulizia scambiatori<\/li>\n<li>Cassetto cenere<\/li>\n<li>Contenitore pellet, tubo e sportallo per il carico<\/li>\n<li>Basamento e telaio con guide di scorrimento<\/li>\n<li>Resistenza al quarzo, cestello in ghisa, camera di combustione in acciaio<\/li>\n<li>Ventilatore per riscaldamento ambiente<\/li>\n<li>Wi-Fi per gestione a distanza<\/li>\n<\/ul>\n<h2>Optional<\/h2>\n<ul>\n<li>Cavalletto con altezza regolabile<\/li>\n<li>Valvola anticondensa<\/li>\n<li>Set 3 striscie di lamiera per finitura focolare<\/li>\n<\/ul>\n","protected":false},"excerpt":{"rendered":"<p>Il termocamino a pellet efficiente e performante certificato 5 stelle ambientali (DM 186\/2017), che riscalda tutta la casa tramite l\u2019impianto. SYNTHESIS MODULAR IDRO \u00e8 progettato per riscaldare in modo autonomo o parallelo medie grandi abitazioni. Le dimensioni compatte, la modularit\u00e0 dei vari accessori lo rendono versatile per rinnovare vecchi caminetti o per la realizzazione di nuove strutture. Le linee pulite e il design ricercato ed esclusivo del frontale donano una bella visione della fiamma. Per un maggior comfort e rapidit\u00e0 di riscaldamento, SYNTHESIS MODULAR IDRO dispone di un ventilatore per arieggiare il locale, attivabile e regolabile a piacere. Pratico e facile da utilizzare, tutti i comandi di funzionamento e di regolazione avvengono tramite un radiocomando intuitivo fornito in serie. Anche il kit idraulico \u00e8 fornito in serie ed \u00e8 gi\u00e0 collaudato. Il dispositivo Wifi permette di gestire il funzionamento della stufa e regolare la temperatura a distanza tramite telefono o tablet.<\/p>\n","protected":false},"featured_media":51167,"template":"","meta":{"_acf_changed":false},"product_brand":[4031],"product_cat":[4557],"product_tag":[1859],"class_list":{"0":"post-51166","1":"product","2":"type-product","3":"status-publish","4":"has-post-thumbnail","6":"product_brand-jolly-mec","7":"product_cat-termocamini-a-pellet","8":"product_tag-termocamini-a-pellet-jolly-mec","9":"product_shipping_class-termocamini-a-pellet","10":"sales-flash-overlay","11":"woocommerce-text-align-center","12":"woocommerce-image-align-center","13":"do-quantity-buttons","15":"first","16":"instock","17":"taxable","18":"shipping-taxable","19":"product-type-simple"},"acf":[],"_links":{"self":[{"href":"https:\/\/www.fokussrl.com\/it\/wp-json\/wp\/v2\/product\/51166","targetHints":{"allow":["GET"]}}],"collection":[{"href":"https:\/\/www.fokussrl.com\/it\/wp-json\/wp\/v2\/product"}],"about":[{"href":"https:\/\/www.fokussrl.com\/it\/wp-json\/wp\/v2\/types\/product"}],"wp:featuredmedia":[{"embeddable":true,"href":"https:\/\/www.fokussrl.com\/it\/wp-json\/wp\/v2\/media\/51167"}],"wp:attachment":[{"href":"https:\/\/www.fokussrl.com\/it\/wp-json\/wp\/v2\/media?parent=51166"}],"wp:term":[{"taxonomy":"product_brand","embeddable":true,"href":"https:\/\/www.fokussrl.com\/it\/wp-json\/wp\/v2\/product_brand?post=51166"},{"taxonomy":"product_cat","embeddable":true,"href":"https:\/\/www.fokussrl.com\/it\/wp-json\/wp\/v2\/product_cat?post=51166"},{"taxonomy":"product_tag","embeddable":true,"href":"https:\/\/www.fokussrl.com\/it\/wp-json\/wp\/v2\/product_tag?post=51166"}],"curies":[{"name":"wp","href":"https:\/\/api.w.org\/{rel}","templated":true}]}}