{"id":51438,"date":"2025-01-30T23:03:09","date_gmt":"2025-01-30T22:03:09","guid":{"rendered":"http:\/\/fokussrl.com\/prodotto\/caminetto-a-pellet-canalizzabile-trilogy-10-3-kw-magikal\/"},"modified":"2025-01-30T23:03:18","modified_gmt":"2025-01-30T22:03:18","slug":"caminetto-a-pellet-canalizzabile-trilogy-10-3-kw-magikal","status":"publish","type":"product","link":"https:\/\/www.fokussrl.com\/it\/prodotto\/caminetto-a-pellet-canalizzabile-trilogy-10-3-kw-magikal\/","title":{"rendered":"Caminetto a pellet canalizzabile TRILOGY 10,3 kW &#8211; Magikal"},"content":{"rendered":"<ul>\n<li>Braciere Autopulente<\/li>\n<li>Combustione ermetica<\/li>\n<li>Sistema lavoro silenzioso<\/li>\n<li>Resistenza al quarzo<\/li>\n<li>Sonda K<\/li>\n<li>Coclea protetta da zincatura<\/li>\n<li>Livello sensore pellet<\/li>\n<li>Scarico fumi superiore<\/li>\n<\/ul>\n<p>Caratteristiche tecniche<\/p>\n<ul>\n<li>Potenza Termica: 10,3 kW<\/li>\n<li>Rendimento: 90,7 %<\/li>\n<li>Volume riscaldabile*: 240 m3<\/li>\n<li>Classe Energetica: A+<\/li>\n<li>Capacit&agrave; serbatoio: 30 Kg<\/li>\n<li>Diametro scarico Fumi: 80 mm<\/li>\n<li>Dimensioni: L 720 x H 1041 x P 628 mm<\/li>\n<li>Peso: 165 Kg<\/li>\n<\/ul>\n<p><strong>Certificazione Ambientale 4 stelle<\/strong><\/p>\n<p>Compatibile con i limiti imposti dal Decreto Ambientale N&deg;186 Italiano.<\/p>\n","protected":false},"excerpt":{"rendered":"<p>Trilogy unisce l&#8217;efficienza tecnologica all&#8217;intrigante fascino del camino, offrendo un&#8217;esperienza di riscaldamento domestico senza precedenti. Grazie al suo sistema di lavoro silenzioso, il carico del pellet avviene con un motore brushless a corrente continua, eliminando completamente la fastidiosa rumorosit\u00e0 durante il funzionamento. Inoltre, la possibilit\u00e0 di disattivare i motori dell&#8217;aria calda quando il camino \u00e8 a potenza ridotta consente un funzionamento ancora pi\u00f9 silenzioso, grazie al sistema di convenzione naturale che garantisce un adeguato moto dell&#8217;aria senza l&#8217;ausilio di motori.<\/p>\n<p>Ma Trilogy non si ferma qui.<\/p>\n<p>Con la sua camera di combustione in refrattario di alta qualit\u00e0 , assicura una combustione efficiente e controllata, garantendo una distribuzione uniforme del calore e una maggiore durata nel tempo. Inoltre, con la doppia uscita aria calda canalizzabile separatamente, hai il controllo totale sulla distribuzione del calore, consentendoti di ottimizzare il comfort in ogni stanza della tua casa.<\/p>\n<p>Grazie a Trilogy, puoi goderti il calore accogliente e l&#8217;atmosfera avvolgente di un camino tradizionale, senza sacrificare la praticit\u00e0 e l&#8217;efficienza della tecnologia moderna. Coniugando prestazioni all&#8217;avanguardia e design raffinato, Trilogy si distingue come la scelta ideale per coloro che cercano un riscaldamento domestico di alta qualit\u00e0 che si adatti perfettamente al loro stile di vita.<\/p>\n<p>N.B. completo di Botola di caricamento con tubo flessibile 1mt ed Ispezione laterale 400&#215;900 mm<\/p>\n","protected":false},"featured_media":53168,"template":"","meta":{"_acf_changed":false},"product_brand":[4045],"product_cat":[4527],"product_tag":[1872],"class_list":{"0":"post-51438","1":"product","2":"type-product","3":"status-publish","4":"has-post-thumbnail","6":"product_brand-magikal","7":"product_cat-caminetti-a-pellet","8":"product_tag-caminetti-a-pellet-magikal","9":"product_shipping_class-caminetti-a-pellet","10":"sales-flash-overlay","11":"woocommerce-text-align-center","12":"woocommerce-image-align-center","13":"do-quantity-buttons","15":"first","16":"instock","17":"taxable","18":"shipping-taxable","19":"purchasable","20":"product-type-simple"},"acf":[],"_links":{"self":[{"href":"https:\/\/www.fokussrl.com\/it\/wp-json\/wp\/v2\/product\/51438","targetHints":{"allow":["GET"]}}],"collection":[{"href":"https:\/\/www.fokussrl.com\/it\/wp-json\/wp\/v2\/product"}],"about":[{"href":"https:\/\/www.fokussrl.com\/it\/wp-json\/wp\/v2\/types\/product"}],"wp:featuredmedia":[{"embeddable":true,"href":"https:\/\/www.fokussrl.com\/it\/wp-json\/wp\/v2\/media\/53168"}],"wp:attachment":[{"href":"https:\/\/www.fokussrl.com\/it\/wp-json\/wp\/v2\/media?parent=51438"}],"wp:term":[{"taxonomy":"product_brand","embeddable":true,"href":"https:\/\/www.fokussrl.com\/it\/wp-json\/wp\/v2\/product_brand?post=51438"},{"taxonomy":"product_cat","embeddable":true,"href":"https:\/\/www.fokussrl.com\/it\/wp-json\/wp\/v2\/product_cat?post=51438"},{"taxonomy":"product_tag","embeddable":true,"href":"https:\/\/www.fokussrl.com\/it\/wp-json\/wp\/v2\/product_tag?post=51438"}],"curies":[{"name":"wp","href":"https:\/\/api.w.org\/{rel}","templated":true}]}}