{"id":51727,"date":"2025-01-30T23:03:31","date_gmt":"2025-01-30T22:03:31","guid":{"rendered":"http:\/\/fokussrl.com\/prodotto\/stufa-a-legna-ventilata-maya-kalor\/"},"modified":"2025-01-30T23:03:45","modified_gmt":"2025-01-30T22:03:45","slug":"stufa-a-legna-ventilata-maya-kalor","status":"publish","type":"product","link":"https:\/\/www.fokussrl.com\/it\/prodotto\/stufa-a-legna-ventilata-maya-kalor\/","title":{"rendered":"Stufa a legna ventilata MAYA &#8211; Kalor"},"content":{"rendered":"<p>2 ventilatori inclusi escludibili per funzione convezione naturale<\/p>\n<ul>\n<li>ARIA PRIMARIA regolabile PER LA COMBUSTIONE<\/li>\n<li>ARIA SECONDARIA regolabile PULIZIA VETRO<\/li>\n<li>ARIA TERZIARIA Per ridurre le emissioni<\/li>\n<\/ul>\n<h2>Mod. 11 280 m3<\/h2>\n<ul>\n<li>Potenza globale kW 12,8<\/li>\n<li>Potenza nominale kW 10,9<\/li>\n<li>Potenza elettrica nominale W 67<\/li>\n<li>Consumo orario legna Kg &#8211; h 1,99<\/li>\n<li>Efficienza% 85,5<\/li>\n<li>Diametro uscita fumi &Oslash; mm 130<\/li>\n<li>Lunghezza Max legna mm 250<\/li>\n<li>Dimensione camera di combustione mm 330x380x325<\/li>\n<li>L \/ W &#8211; P \/ D &#8211; H mm 550x490x1025<\/li>\n<li>Peso Kg 107<\/li>\n<\/ul>\n<p>Certificazione ambientale 5 stelle<\/p>\n","protected":false},"excerpt":{"rendered":"<p>Questa stufa non \u00e8 solo un elemento riscaldante, ma un vero e proprio simbolo di efficienza e stile per ogni ambiente domestico.<\/p>\n<p>Ecco alcune delle sue caratteristiche principali:<\/p>\n<ul>\n<li>\n<p><strong>Ventilata<\/strong>: garantisce una distribuzione uniforme e ottimale del calore in tutta la stanza, migliorando il comfort domestico.<\/p>\n<\/li>\n<li>\n<p><strong>Lama d&#8217;aria per pulizia vetro<\/strong>: mantiene il vetro sempre pulito, offrendo una visione chiara e piacevole delle fiamme.<\/p>\n<\/li>\n<li>\n<p><strong>Ampio cassetto cenere<\/strong>: progettato per facilitare la manutenzione e rendere la pulizia semplice e veloce.<\/p>\n<\/li>\n<li>\n<p><strong>Camera di combustione in vermiculite<\/strong>: un materiale resistente e performante che migliora l&#8217;efficienza energetica e la durata del prodotto.<\/p>\n<\/li>\n<li>\n<p><strong>Scarico fumi superiore \u00f8 130 mm<\/strong>: offre un&#8217;installazione versatile e una gestione ottimale dei fumi.<\/p>\n<\/li>\n<\/ul>\n<p>La <strong>Maya MODEL: 11<\/strong> \u00e8 molto pi\u00f9 di una semplice stufa: \u00e8 una soluzione tecnologica e di design che si integra perfettamente in ogni ambiente, offrendo calore, comfort e un tocco di eleganza.<\/p>\n","protected":false},"featured_media":53730,"template":"","meta":{"_acf_changed":false},"product_brand":[4033],"product_cat":[4546],"product_tag":[3799],"class_list":{"0":"post-51727","1":"product","2":"type-product","3":"status-publish","4":"has-post-thumbnail","6":"product_brand-kalor","7":"product_cat-stufe-a-legna","8":"product_tag-stufe-a-legna-kalor","9":"product_shipping_class-stufe-a-legna","10":"sales-flash-overlay","11":"woocommerce-text-align-center","12":"woocommerce-image-align-center","13":"do-quantity-buttons","15":"first","16":"instock","17":"taxable","18":"shipping-taxable","19":"purchasable","20":"product-type-simple"},"acf":[],"_links":{"self":[{"href":"https:\/\/www.fokussrl.com\/it\/wp-json\/wp\/v2\/product\/51727","targetHints":{"allow":["GET"]}}],"collection":[{"href":"https:\/\/www.fokussrl.com\/it\/wp-json\/wp\/v2\/product"}],"about":[{"href":"https:\/\/www.fokussrl.com\/it\/wp-json\/wp\/v2\/types\/product"}],"wp:featuredmedia":[{"embeddable":true,"href":"https:\/\/www.fokussrl.com\/it\/wp-json\/wp\/v2\/media\/53730"}],"wp:attachment":[{"href":"https:\/\/www.fokussrl.com\/it\/wp-json\/wp\/v2\/media?parent=51727"}],"wp:term":[{"taxonomy":"product_brand","embeddable":true,"href":"https:\/\/www.fokussrl.com\/it\/wp-json\/wp\/v2\/product_brand?post=51727"},{"taxonomy":"product_cat","embeddable":true,"href":"https:\/\/www.fokussrl.com\/it\/wp-json\/wp\/v2\/product_cat?post=51727"},{"taxonomy":"product_tag","embeddable":true,"href":"https:\/\/www.fokussrl.com\/it\/wp-json\/wp\/v2\/product_tag?post=51727"}],"curies":[{"name":"wp","href":"https:\/\/api.w.org\/{rel}","templated":true}]}}