{"id":53689,"date":"2025-02-01T16:51:13","date_gmt":"2025-02-01T15:51:13","guid":{"rendered":"http:\/\/fokussrl.com\/prodotto\/barbecue-a-gas-3-fuochi-con-tavolo-cm-107-b-e-p\/"},"modified":"2026-03-31T15:24:48","modified_gmt":"2026-03-31T13:24:48","slug":"barbecue-a-gas-3-fuochi-con-tavolo-cm-107-b-e-p","status":"publish","type":"product","link":"https:\/\/www.fokussrl.com\/it\/prodotto\/barbecue-a-gas-3-fuochi-con-tavolo-cm-107-b-e-p\/","title":{"rendered":"Barbecue a gas 3 fuochi con tavolo cm.107 &#8211; B. e P."},"content":{"rendered":"<h2>Funzionamento a GAS GPL<\/h2>\n<p>Costruito intermente in acciaio inox e materiali per uso alimentare, con bruciatori di qualit\u00e0 superiore, i nostri prodotti sono il massimo per una clientela attenta alla salute personale ed alla salvaguardia dell&#8217;ambiente. Tavolo in ferro zincato.<\/p>\n<ul>\n<li>Misure ingombro: 1070x480x170<\/li>\n<li>Altezza tavolo: 700<\/li>\n<li>Potenza: 8,6 kW<\/li>\n<li>Griglia utile: 960\u00d7400<\/li>\n<\/ul>\n<h2>OPTIONAL<\/h2>\n<ul>\n<li>Paravento<\/li>\n<li>Piastra lavica 35x40x2<\/li>\n<li>Piastra inox 35x40x0,5<\/li>\n<li>Kit montaggio ruote<\/li>\n<\/ul>\n","protected":false},"excerpt":{"rendered":"<p>BARBECUE MODELLO 3 FUOCHI.<\/p>\n<p>Il top della sua classe per dimensioni (le pi\u00f9 grandi in commercio). Offre grandi prestazioni, la pi\u00f9 alta versatilit\u00e0 possibile accopiata ad una capacit\u00e0 di cottura senza precedenti. Ideale per chi adora la vita all&#8217;area aperta ed ama cuocere in compagnia.<\/p>\n<p>TUTTI I NOSTRI PRODOTTI SONO VENDUTI CON IL TAVOLO.<\/p>\n","protected":false},"featured_media":53690,"template":"","meta":{"_acf_changed":false},"product_brand":[4010],"product_cat":[4516],"product_tag":[1954],"class_list":{"0":"post-53689","1":"product","2":"type-product","3":"status-publish","4":"has-post-thumbnail","6":"product_brand-b-e-p","7":"product_cat-barbecue-a-gas","8":"product_tag-barbecue-a-gas-b-e-p","9":"product_shipping_class-barbecue-a-gas","10":"pa_versione-con-coperchio","11":"pa_versione-con-fornellone-griglia-e-coperchio","12":"pa_versione-senza-coperchio","13":"sales-flash-overlay","14":"woocommerce-text-align-center","15":"woocommerce-image-align-center","16":"do-quantity-buttons","18":"first","19":"instock","20":"taxable","21":"shipping-taxable","22":"purchasable","23":"product-type-variable"},"acf":[],"_links":{"self":[{"href":"https:\/\/www.fokussrl.com\/it\/wp-json\/wp\/v2\/product\/53689","targetHints":{"allow":["GET"]}}],"collection":[{"href":"https:\/\/www.fokussrl.com\/it\/wp-json\/wp\/v2\/product"}],"about":[{"href":"https:\/\/www.fokussrl.com\/it\/wp-json\/wp\/v2\/types\/product"}],"wp:featuredmedia":[{"embeddable":true,"href":"https:\/\/www.fokussrl.com\/it\/wp-json\/wp\/v2\/media\/53690"}],"wp:attachment":[{"href":"https:\/\/www.fokussrl.com\/it\/wp-json\/wp\/v2\/media?parent=53689"}],"wp:term":[{"taxonomy":"product_brand","embeddable":true,"href":"https:\/\/www.fokussrl.com\/it\/wp-json\/wp\/v2\/product_brand?post=53689"},{"taxonomy":"product_cat","embeddable":true,"href":"https:\/\/www.fokussrl.com\/it\/wp-json\/wp\/v2\/product_cat?post=53689"},{"taxonomy":"product_tag","embeddable":true,"href":"https:\/\/www.fokussrl.com\/it\/wp-json\/wp\/v2\/product_tag?post=53689"}],"curies":[{"name":"wp","href":"https:\/\/api.w.org\/{rel}","templated":true}]}}