{"id":54023,"date":"2025-02-01T16:51:31","date_gmt":"2025-02-01T15:51:31","guid":{"rendered":"http:\/\/fokussrl.com\/prodotto\/caldaia-a-legna-a-fiamma-rovesciata-pirolitica-ad-esaurimento-carinci\/"},"modified":"2025-02-01T16:51:36","modified_gmt":"2025-02-01T15:51:36","slug":"caldaia-a-legna-a-fiamma-rovesciata-pirolitica-ad-esaurimento-carinci","status":"publish","type":"product","link":"https:\/\/www.fokussrl.com\/it\/prodotto\/caldaia-a-legna-a-fiamma-rovesciata-pirolitica-ad-esaurimento-carinci\/","title":{"rendered":"Caldaia a legna a fiamma rovesciata PIROLITICA ad esaurimento &#8211; Carinci"},"content":{"rendered":"<ul>\n<li>Garanzia pre\/post vendita<\/li>\n<li>Interno in ceramica<\/li>\n<li>Pulizia semplice<\/li>\n<li>Rendimento oltre 90%<\/li>\n<li>Sistema sicuro a vaso aperto<\/li>\n<\/ul>\n","protected":false},"excerpt":{"rendered":"<p>La caldaia carinci pirolitica \u00e8 stata realizzata con sistemi e tecnologie all&#8217;avanguardia, sfruttando il principio della fiamma inversa, cos\u00ec definita in quanto il bruciatore nel quale avviene la combustione \u00e8 posto al di sotto del vano in cui viene caricato il combustibile. Pertanto la fiamma anzich\u00e9 propagarsi verso l&#8217;alto, viene aspirata verso il basso.<\/p>\n<p>SISTEMA A FIAMMA INVERSA La legna viene posizionata nel vano superiore e viene continuamente pre-essicata tramite un aspiratore liberando cos\u00ec il gas naturale in essa presente.<\/p>\n<p>Quest&#8217;ultimo viene poi aspirato nel bruciatore pirolitico realizzato in ceramica, posto nella parte inferiore della tramoggia dove \u00e8 posizionata la legna. In presenza di altissime temperature, i gas si incendiano generando una completa combustione.<\/p>\n<p>Questo sistema garantisce lo sfruttamento al massimo del combustibile, con conseguente autonomia di riscaldamento per diverse ore e l&#8217;utilizzatore pu\u00f2 pertanto uscire in piena libert\u00e0 e sicurezza, senza doverla accudire e alimentare spesso.<\/p>\n<p>La caldaia Carinci pirolitica quindi, oltre a garantire delle prestazioni eccezionali ,\u00e8 anche semplice e pratica nell&#8217;utilizzo.<\/p>\n","protected":false},"featured_media":54016,"template":"","meta":{"_acf_changed":false},"product_brand":[4017],"product_cat":[4521],"product_tag":[2002],"class_list":{"0":"post-54023","1":"product","2":"type-product","3":"status-publish","4":"has-post-thumbnail","6":"product_brand-carinci","7":"product_cat-caldaie-a-legna","8":"product_tag-caldaie-a-legna-carinci","9":"product_shipping_class-caldaie-a-legna","10":"pa_potenza-25-kw","11":"pa_potenza-32-kw","12":"pa_potenza-40-kw","13":"sales-flash-overlay","14":"woocommerce-text-align-center","15":"woocommerce-image-align-center","16":"do-quantity-buttons","18":"first","19":"instock","20":"taxable","21":"shipping-taxable","22":"product-type-variable"},"acf":[],"_links":{"self":[{"href":"https:\/\/www.fokussrl.com\/it\/wp-json\/wp\/v2\/product\/54023","targetHints":{"allow":["GET"]}}],"collection":[{"href":"https:\/\/www.fokussrl.com\/it\/wp-json\/wp\/v2\/product"}],"about":[{"href":"https:\/\/www.fokussrl.com\/it\/wp-json\/wp\/v2\/types\/product"}],"wp:featuredmedia":[{"embeddable":true,"href":"https:\/\/www.fokussrl.com\/it\/wp-json\/wp\/v2\/media\/54016"}],"wp:attachment":[{"href":"https:\/\/www.fokussrl.com\/it\/wp-json\/wp\/v2\/media?parent=54023"}],"wp:term":[{"taxonomy":"product_brand","embeddable":true,"href":"https:\/\/www.fokussrl.com\/it\/wp-json\/wp\/v2\/product_brand?post=54023"},{"taxonomy":"product_cat","embeddable":true,"href":"https:\/\/www.fokussrl.com\/it\/wp-json\/wp\/v2\/product_cat?post=54023"},{"taxonomy":"product_tag","embeddable":true,"href":"https:\/\/www.fokussrl.com\/it\/wp-json\/wp\/v2\/product_tag?post=54023"}],"curies":[{"name":"wp","href":"https:\/\/api.w.org\/{rel}","templated":true}]}}