{"id":54189,"date":"2025-02-01T16:51:45","date_gmt":"2025-02-01T15:51:45","guid":{"rendered":"http:\/\/fokussrl.com\/prodotto\/caldaia-a-pellet-compatta-kalor\/"},"modified":"2025-02-01T16:51:50","modified_gmt":"2025-02-01T15:51:50","slug":"caldaia-a-pellet-compatta-kalor","status":"publish","type":"product","link":"https:\/\/www.fokussrl.com\/it\/prodotto\/caldaia-a-pellet-compatta-kalor\/","title":{"rendered":"Caldaia a pellet COMPATTA &#8211; Kalor"},"content":{"rendered":"","protected":false},"excerpt":{"rendered":"<p>La caldaia Compatta a pellet pu\u00f2 essere facilmente collocata in un locale tecnico o in uno spazio di servizio come sotto una scala o in un ripostiglio, date le sue dimensioni davvero compatte. Proprio come le caldaie tradizionali, il display \u00e8 semplice e intuitivo per tutte le fasi di funzionamento automatico in relazione alle temperature richieste. Dispone di elettronica programmabile che pu\u00f2 anche essere gestita da remoto per l&#8217;accensione e lo spegnimento giornalieri o settimanali a tempo. La caldaia a pellet Compatta \u00e8 stata progettata per garantire la massima autonomia e la massima efficienza di funzionamento con un serbatoio pellet fino a 130 litri che garantisce fino a 59 ore di lavoro.<\/p>\n<p><strong>BRACIERE AUTOPULENTE<\/strong><\/p>\n<p>Il braciere autopulente garantisce sempre una perfetta pulizia di quest&#8217;ultimo, assicurando il passaggio dell&#8217;aria primaria e secondaria necessaria alla combustione durante l&#8217;accensione e il normale funzionamento della termostufa. La griglia mobile pulisce il fondo del braciere senza per\u00f2 spegnere la termostufa, evitando cos\u00ec nuove accensioni; in questo modo l&#8217;utente dovr\u00e0 pulire periodicamente la camera di combustione e non sar\u00e0 necessario pulire manualmente il braciere prima delle nuove accensioni, come succede invece per termostufe con bracieri standard. V-Power, sistema salva fiamma brevettato Braciere in acciaio inox Griglia mobile per la pulizia automatica Motoriduttore<\/p>\n<p><strong>COMPATTATORE CENERE<\/strong><\/p>\n<p>Il compattatore \u00e8 composto da una coclea per la rimozione della cenere e da una valigetta destinata alla raccolta delle ceneri. L&#8217;enorme vantaggio della valigetta consiste nel fatto che l&#8217;utente finale non ha pi\u00f9 il compito di svuotare periodicamente il cassetto cenere, ma solamente quello di controllare la valigetta e svuotarla quando \u00e8 completamente riempita, le ruote agevolano l&#8217;operazione di spostamento. Abbinata al sistema del braciere autopulente, la valigietta rende la caldaia autonoma e riduce notevolmente le operazioni di pulizia a carico dell&#8217;utente. Braciere autopulente Cassetto porta cenere Coperchio per ispezione e pulizia, ermetico Coclea per la rimozione della cenere Ruote per facilitare il trasporto<\/p>\n<p><strong>OPTIONAL<\/strong><\/p>\n<p>SISTEMA CARICO PNEUMATICO PELLET<\/p>\n<p>Sistema pneumatico automatico di caricamento del pellet e tramoggia esterna remotabile con capienza fino a 1.800 litri ( 1130 kg).<\/p>\n<p>Compattatore cenere lato sinistro su richiesta.<\/p>\n","protected":false},"featured_media":54190,"template":"","meta":{"_acf_changed":false},"product_brand":[4033],"product_cat":[4522],"product_tag":[2025],"class_list":{"0":"post-54189","1":"product","2":"type-product","3":"status-publish","4":"has-post-thumbnail","6":"product_brand-kalor","7":"product_cat-caldaie-a-pellet","8":"product_tag-caldaie-a-pellet-kalor","9":"product_shipping_class-caldaie-a-pellet","10":"pa_potenza-16-kw","11":"pa_potenza-20-kw","12":"pa_potenza-24-kw","13":"pa_potenza-28-kw","14":"pa_potenza-34-kw","15":"sales-flash-overlay","16":"woocommerce-text-align-center","17":"woocommerce-image-align-center","18":"do-quantity-buttons","20":"first","21":"instock","22":"taxable","23":"shipping-taxable","24":"product-type-variable"},"acf":[],"_links":{"self":[{"href":"https:\/\/www.fokussrl.com\/it\/wp-json\/wp\/v2\/product\/54189","targetHints":{"allow":["GET"]}}],"collection":[{"href":"https:\/\/www.fokussrl.com\/it\/wp-json\/wp\/v2\/product"}],"about":[{"href":"https:\/\/www.fokussrl.com\/it\/wp-json\/wp\/v2\/types\/product"}],"wp:featuredmedia":[{"embeddable":true,"href":"https:\/\/www.fokussrl.com\/it\/wp-json\/wp\/v2\/media\/54190"}],"wp:attachment":[{"href":"https:\/\/www.fokussrl.com\/it\/wp-json\/wp\/v2\/media?parent=54189"}],"wp:term":[{"taxonomy":"product_brand","embeddable":true,"href":"https:\/\/www.fokussrl.com\/it\/wp-json\/wp\/v2\/product_brand?post=54189"},{"taxonomy":"product_cat","embeddable":true,"href":"https:\/\/www.fokussrl.com\/it\/wp-json\/wp\/v2\/product_cat?post=54189"},{"taxonomy":"product_tag","embeddable":true,"href":"https:\/\/www.fokussrl.com\/it\/wp-json\/wp\/v2\/product_tag?post=54189"}],"curies":[{"name":"wp","href":"https:\/\/api.w.org\/{rel}","templated":true}]}}