{"id":54240,"date":"2025-02-01T16:51:49","date_gmt":"2025-02-01T15:51:49","guid":{"rendered":"http:\/\/fokussrl.com\/prodotto\/caldaia-a-pellet-opera-28-1-kw-magikal\/"},"modified":"2025-02-01T16:51:53","modified_gmt":"2025-02-01T15:51:53","slug":"caldaia-a-pellet-opera-28-1-kw-magikal","status":"publish","type":"product","link":"https:\/\/www.fokussrl.com\/it\/prodotto\/caldaia-a-pellet-opera-28-1-kw-magikal\/","title":{"rendered":"Caldaia a pellet OPERA 28,1 kW &#8211; Magikal"},"content":{"rendered":"<ul>\n<li>Braciere autopulente<\/li>\n<li>Sonda K<\/li>\n<li>Pulizia Automatica<\/li>\n<li>Coclea protetta da zincatura<\/li>\n<li>Esportazione automatica delle ceneri<\/li>\n<li>Sensore livello pellet<\/li>\n<li>Combustione ermetica<\/li>\n<li>IsolamentoWi-Fi<\/li>\n<li>No Ghiaccio<\/li>\n<li>Display Multi-Touch<\/li>\n<li>Uscita superiore<\/li>\n<li>Accensione rapida<\/li>\n<li>Uscita posteriore<\/li>\n<\/ul>\n<ul>\n<li>Potenza Termica: 28,1 kW<\/li>\n<li>Rendimento: 91,3%<\/li>\n<li>Volume riscaldabile*: 600&divide;950 m3<\/li>\n<li>Classe Energetica: A+<\/li>\n<li>Capacit&agrave; Serbatoio: 90 Kg<\/li>\n<li>Diametro scarico Fumi: 100 mm<\/li>\n<li>Dimensioni: L 1146 x H 1237 x P 680 mm<\/li>\n<li>Peso: 320 Kg<\/li>\n<\/ul>\n<p><strong>Certificazione Ambientale 4 stelle.<\/strong><br \/> Compatibile con i limiti imposti dal Decreto Ambientale N&deg;186 Italiano.<\/p>\n","protected":false},"excerpt":{"rendered":"<p>Opera \u00e8 una caldaia che rappresenta un vero e proprio avanguardia tecnologica nel settore. Grazie al suo sistema di auto-pulizia interno, elimina la necessit\u00e0 di manutenzioni giornaliere, permettendo cos\u00ec di risparmiare tempo prezioso. Questa caratteristica la rende particolarmente conveniente e pratica per chi desidera un sistema di riscaldamento efficiente e affidabile senza doversi preoccupare di continue pulizie e controlli.<\/p>\n<p>Inoltre, il corpo della caldaia \u00e8 coibentato con materiali isolanti di alta qualit\u00e0, che garantiscono una maggiore efficienza energetica e una lunga durata nel tempo. Ci\u00f2 significa non solo risparmio economico ma anche un minor impatto ambientale, grazie alla riduzione dei consumi energetici.<\/p>\n<p>L&#8217;Opera si presenta quindi come una soluzione completa e avanzata per il riscaldamento domestico, che unisce prestazioni eccellenti, praticit\u00e0 d&#8217;uso e rispetto dell&#8217;ambiente.<\/p>\n<p>La caldaia Opera offre prestazioni elevate e affidabilit\u00e0 grazie ai componenti di qualit\u00e0. Le dimensioni compatte consentono un&#8217;installazione anche in spazi ristretti.<\/p>\n","protected":false},"featured_media":54241,"template":"","meta":{"_acf_changed":false},"product_brand":[4045],"product_cat":[4522],"product_tag":[2034],"class_list":{"0":"post-54240","1":"product","2":"type-product","3":"status-publish","4":"has-post-thumbnail","6":"product_brand-magikal","7":"product_cat-caldaie-a-pellet","8":"product_tag-caldaie-a-pellet-magikal","9":"product_shipping_class-caldaie-a-pellet","10":"pa_versione-con-acqua-calda-sanitaria","11":"pa_versione-senza-acqua-calda-sanitaria","12":"sales-flash-overlay","13":"woocommerce-text-align-center","14":"woocommerce-image-align-center","15":"do-quantity-buttons","17":"first","18":"instock","19":"taxable","20":"shipping-taxable","21":"purchasable","22":"product-type-variable"},"acf":[],"_links":{"self":[{"href":"https:\/\/www.fokussrl.com\/it\/wp-json\/wp\/v2\/product\/54240","targetHints":{"allow":["GET"]}}],"collection":[{"href":"https:\/\/www.fokussrl.com\/it\/wp-json\/wp\/v2\/product"}],"about":[{"href":"https:\/\/www.fokussrl.com\/it\/wp-json\/wp\/v2\/types\/product"}],"wp:featuredmedia":[{"embeddable":true,"href":"https:\/\/www.fokussrl.com\/it\/wp-json\/wp\/v2\/media\/54241"}],"wp:attachment":[{"href":"https:\/\/www.fokussrl.com\/it\/wp-json\/wp\/v2\/media?parent=54240"}],"wp:term":[{"taxonomy":"product_brand","embeddable":true,"href":"https:\/\/www.fokussrl.com\/it\/wp-json\/wp\/v2\/product_brand?post=54240"},{"taxonomy":"product_cat","embeddable":true,"href":"https:\/\/www.fokussrl.com\/it\/wp-json\/wp\/v2\/product_cat?post=54240"},{"taxonomy":"product_tag","embeddable":true,"href":"https:\/\/www.fokussrl.com\/it\/wp-json\/wp\/v2\/product_tag?post=54240"}],"curies":[{"name":"wp","href":"https:\/\/api.w.org\/{rel}","templated":true}]}}