{"id":54300,"date":"2025-02-01T16:51:56","date_gmt":"2025-02-01T15:51:56","guid":{"rendered":"http:\/\/fokussrl.com\/prodotto\/caldaia-legna-pellet-dp-25-premium-maga\/"},"modified":"2025-02-01T16:51:59","modified_gmt":"2025-02-01T15:51:59","slug":"caldaia-legna-pellet-dp-25-premium-maga","status":"publish","type":"product","link":"https:\/\/www.fokussrl.com\/it\/prodotto\/caldaia-legna-pellet-dp-25-premium-maga\/","title":{"rendered":"Caldaia legna-pellet DP 25 PREMIUM &#8211; Maga"},"content":{"rendered":"","protected":false},"excerpt":{"rendered":"<p>Le caldaie in acciaio per combustibili solidi DP25 sono progettate per la combustione di pellet di legno in modalit\u00e0 automatica o per la combustione di ceppi di legno, bricchette o trucioli di legno in modalit\u00e0 manuale. La potenza termica nominale per le caldaie in acciaio DP25 \u00e8 di 25 kW per l&#8217;alimentazione manuale e di 5\u201320 kW per il funzionamento automatico a pellet. Il corpo caldaia \u00e8 dotato di un doppio scambiatore di calore (tubolare verticale e lamellare orizzontale) che garantisce un ottimale trasferimento di calore all&#8217;impianto. I materiali isolanti di alta qualit\u00e0 riducono al minimo le perdite termiche e contribuiscono in modo significativo all&#8217;elevatissima efficienza termica massima del 94,5%<\/p>\n<p>Le caldaie sono dotate di un circuito di raffreddamento incorporato e possono essere utilizzate sia in sistemi a circolazione forzata che in sistemi a gravit\u00e0. Prezzo molto conveniente e tempi di consegna brevi! Naturalmente, i nostri prodotti sono facili ed economici da utilizzare, bassi costi operativi e garanzia di affidabilit\u00e0. Tutti i nostri sistemi di risparmio energetico sono innovativi e rispettosi dell&#8217;ambiente.<\/p>\n<p>Le caldaie DP25 Premium includono l&#8217;alimentatore di pellet, il bruciatore di pellet rotante, il controller elettronico touch-screen e un silo di pellet da 600 litri di volume. Opzionalmente \u00e8 disponibile un bruciatore pi\u00f9 potente con una potenza di 30 kW.<\/p>\n","protected":false},"featured_media":54301,"template":"","meta":{"_acf_changed":false},"product_brand":[4044],"product_cat":[4523],"product_tag":[2038],"class_list":{"0":"post-54300","1":"product","2":"type-product","3":"status-publish","4":"has-post-thumbnail","6":"product_brand-maga","7":"product_cat-caldaie-policombustibili","8":"product_tag-caldaie-policombustibili-maga","9":"product_shipping_class-caldaie-policombustibili","10":"pa_potenza-20-kw","11":"pa_potenza-30-kw","12":"sales-flash-overlay","13":"woocommerce-text-align-center","14":"woocommerce-image-align-center","15":"do-quantity-buttons","17":"first","18":"instock","19":"taxable","20":"shipping-taxable","21":"purchasable","22":"product-type-variable"},"acf":[],"_links":{"self":[{"href":"https:\/\/www.fokussrl.com\/it\/wp-json\/wp\/v2\/product\/54300","targetHints":{"allow":["GET"]}}],"collection":[{"href":"https:\/\/www.fokussrl.com\/it\/wp-json\/wp\/v2\/product"}],"about":[{"href":"https:\/\/www.fokussrl.com\/it\/wp-json\/wp\/v2\/types\/product"}],"wp:featuredmedia":[{"embeddable":true,"href":"https:\/\/www.fokussrl.com\/it\/wp-json\/wp\/v2\/media\/54301"}],"wp:attachment":[{"href":"https:\/\/www.fokussrl.com\/it\/wp-json\/wp\/v2\/media?parent=54300"}],"wp:term":[{"taxonomy":"product_brand","embeddable":true,"href":"https:\/\/www.fokussrl.com\/it\/wp-json\/wp\/v2\/product_brand?post=54300"},{"taxonomy":"product_cat","embeddable":true,"href":"https:\/\/www.fokussrl.com\/it\/wp-json\/wp\/v2\/product_cat?post=54300"},{"taxonomy":"product_tag","embeddable":true,"href":"https:\/\/www.fokussrl.com\/it\/wp-json\/wp\/v2\/product_tag?post=54300"}],"curies":[{"name":"wp","href":"https:\/\/api.w.org\/{rel}","templated":true}]}}