{"id":54972,"date":"2025-02-01T16:52:47","date_gmt":"2025-02-01T15:52:47","guid":{"rendered":"http:\/\/fokussrl.com\/prodotto\/camino-a-legna-ronde-centrale-15-5-kw-rocal\/"},"modified":"2026-04-12T17:45:07","modified_gmt":"2026-04-12T15:45:07","slug":"camino-a-legna-ronde-centrale-15-5-kw-rocal","status":"publish","type":"product","link":"https:\/\/www.fokussrl.com\/it\/prodotto\/camino-a-legna-ronde-centrale-15-5-kw-rocal\/","title":{"rendered":"Camino a legna RONDE CENTRALE 15,5 kW &#8211; Rocal"},"content":{"rendered":"<ul>\n<li>Struttura in acciaio di alto spessore verniciato nero<\/li>\n<li>Potenza nominale: 13 kW<\/li>\n<li>Potenza massima: 15,5 kW<\/li>\n<li>Rendimento: 87,2%<\/li>\n<li>Emissioni polveri: CO al 13% O2 = 0,079%<\/li>\n<li>Peso: 180 Kg<\/li>\n<li>Presa aria esterna<\/li>\n<li>Dimensioni: mm 654 diametro x mm 2700 altezza<\/li>\n<li>Certificazione: UNE-EN 13240<\/li>\n<\/ul>\n","protected":false},"excerpt":{"rendered":"<p>L&#8217;unico protagonista della Ronde \u00e8 il fuoco, questo camino centrale \u00e8 pura energia e semplicit\u00e0. Il suo design consente una visione totale da qualsiasi punto della stanza. Inoltre, grazie alle sue dimensioni medie, pu\u00f2 adattarsi a tutti gli spazi.<\/p>\n","protected":false},"featured_media":54973,"template":"","meta":{"_acf_changed":false},"product_brand":[4051],"product_cat":[4529],"product_tag":[1874],"class_list":{"0":"post-54972","1":"product","2":"type-product","3":"status-publish","4":"has-post-thumbnail","6":"product_brand-rocal","7":"product_cat-caminetti-di-design","8":"product_tag-caminetti-rocal","9":"product_shipping_class-caminetti-di-design","10":"pa_versione-con-base-a-terra","11":"pa_versione-sospeso","12":"sales-flash-overlay","13":"woocommerce-text-align-center","14":"woocommerce-image-align-center","15":"do-quantity-buttons","17":"first","18":"instock","19":"taxable","20":"shipping-taxable","21":"purchasable","22":"product-type-variable"},"acf":[],"_links":{"self":[{"href":"https:\/\/www.fokussrl.com\/it\/wp-json\/wp\/v2\/product\/54972","targetHints":{"allow":["GET"]}}],"collection":[{"href":"https:\/\/www.fokussrl.com\/it\/wp-json\/wp\/v2\/product"}],"about":[{"href":"https:\/\/www.fokussrl.com\/it\/wp-json\/wp\/v2\/types\/product"}],"wp:featuredmedia":[{"embeddable":true,"href":"https:\/\/www.fokussrl.com\/it\/wp-json\/wp\/v2\/media\/54973"}],"wp:attachment":[{"href":"https:\/\/www.fokussrl.com\/it\/wp-json\/wp\/v2\/media?parent=54972"}],"wp:term":[{"taxonomy":"product_brand","embeddable":true,"href":"https:\/\/www.fokussrl.com\/it\/wp-json\/wp\/v2\/product_brand?post=54972"},{"taxonomy":"product_cat","embeddable":true,"href":"https:\/\/www.fokussrl.com\/it\/wp-json\/wp\/v2\/product_cat?post=54972"},{"taxonomy":"product_tag","embeddable":true,"href":"https:\/\/www.fokussrl.com\/it\/wp-json\/wp\/v2\/product_tag?post=54972"}],"curies":[{"name":"wp","href":"https:\/\/api.w.org\/{rel}","templated":true}]}}