{"id":55886,"date":"2025-02-01T17:01:53","date_gmt":"2025-02-01T16:01:53","guid":{"rendered":"http:\/\/fokussrl.com\/prodotto\/stufa-a-legna-ad-accumulo-v-100-s-la-valmarecchia\/"},"modified":"2025-11-04T13:16:30","modified_gmt":"2025-11-04T12:16:30","slug":"stufa-a-legna-ad-accumulo-v-100-s-la-valmarecchia","status":"publish","type":"product","link":"https:\/\/www.fokussrl.com\/it\/prodotto\/stufa-a-legna-ad-accumulo-v-100-s-la-valmarecchia\/","title":{"rendered":"Stufa a legna ad accumulo V 100 S &#8211; La Valmarecchia"},"content":{"rendered":"<ul>\n<li style=\"text-align: left;\">Volume riscaldabile: 230 Mc \/ 85 Mq<\/li>\n<li>Peso: 400 Kg<\/li>\n<li>Rendimento: 86%<\/li>\n<li>Potenza nominale: 21,1 kW<\/li>\n<li>Emissioni CO: 0,0975%<\/li>\n<li>Temp. max uscita fumi: 4 03,9 C\u00b0<\/li>\n<li>Tiraggio: 12 Pa<\/li>\n<li>Dimensioni:(mm &#8211; H x L x P ) H 1315; L 660; P 660<\/li>\n<\/ul>\n<p><strong>N.B.<\/strong> \u00c8 possibile decorare a richiesta le stufe con angolari in metallo o anche tutta maiolica maiolica<\/p>\n","protected":false},"excerpt":{"rendered":"<p>LA VALMARECCHIA \u00e8 una stufa ad accumulo di calore: il funzionamento prevede che il calore prodotto all&#8217;interno della stufa, raggiungendo temperature elevate, provveda a scaldare le pareti che sono costruite con materiale caratterizzato da una elevata capacit\u00e0 di accumulo e quindi in grado di assorbire il calore e poi diffonderlo nell&#8217;ambiente per 12 ore.<\/p>\n<p>Questo sistema permette di risparmiare sul consumo giornaliero di combustibile e consente l&#8217;assenza da casa per molte ore in quanto grazie all&#8217;accumulo la stufa continua a scaldare da spenta; inoltre non dovendola accudire continuamente ha una comodit\u00e0 impagabile.<\/p>\n<p>La possibilit\u00e0 di accumulare calore e di cederlo lentamente nell&#8217;ambiente, permette di caricare la stufa solo 2 volte nell&#8217;arco di 24 ore per goderne una temperatura confortevole.<\/p>\n<p>LA VALMARECCHIA ha un aspetto estetico davvero gradevole che conferisce al prodotto eleganza e raffinatezza. Adattabile a qualsiasi ambiente pu\u00f2 incontrare diverse combinazioni di stile e design. Ogni stufa rappresenta un vero elemento d&#8217;arredo per la casa.<\/p>\n<p>La caratteristica pi\u00f9 evidente de LA VALMARECCHIA \u00e8 il basso consumo di combustibile, associata alla piacevole sensazione di essere circondati da un calore sano ad un tasso di umidit\u00e0 equilibrato.<\/p>\n<p>La novit\u00e0 dello sportello col vetro, grazie al design moderno ed elegante, con rivestimento in pietra naturale o in ceramiche fatte a mano da esperti ceramisti, struttura in acciaio verniciato, la rende un prodotto completo.<\/p>\n<p><strong>Combustibile: Legna o pellet<\/strong><\/p>\n<p>\u00c8 possibile utilizzarle sia a legna che a pellet senza modificare la camera di combustione<\/p>\n<p><strong>Accumulo del calore<\/strong><\/p>\n<p>Il calore prodotto non verr\u00e0 rilasciato nell&#8217;ambiente ma assorbito dal materiale posto all&#8217;interno della stufa e poi ceduto gradualmente nell&#8217;ambiente attraverso i raggi infrarossi.<\/p>\n<p><strong>Pulita<\/strong><\/p>\n<p>Per queste stufe non c&#8217;\u00e8 mai la necessit\u00e0 di aprire lo sportello, lo aprirete solo per fare un nuovo rifornimento a camera di combustione spenta. Questo fa s\u00ec che non ci sia uscita di fumo verso l&#8217;esterno evitando quel fastidioso odore e l&#8217;eventualit\u00e0 di sporcare l&#8217;intonaco della vostra casa.<\/p>\n<p><strong>Impegno minimo 24 ore con sole 2 ricariche<\/strong><\/p>\n<p>Pensate che, rifornire la stufa ogni 12 ore richiede veramente pochissimo tempo, tanto che vi sembrer\u00e0 di non averla. Una carica al mattino e una carica la sera per godere di un caldo sano e confortevole che solo questo tipo di stufa sa darvi.<\/p>\n<p><strong>Zero corrente Manutenzione minima<\/strong><\/p>\n<p>La stufa ad accumulo non necessita di corrente elettrica e di qualsiasi altra fonte energetica ma solo di legna o pellet. Questo prodotto sar\u00e0 sempre efficiente non abbandonandovi mai nel momento del bisogno. La manutenzione viene eseguita come per norma una volta ogni 2 anni e richiede circa mezz&#8217;ora di tempo, semplice e pratica.<\/p>\n<p><strong>Indistruttibile<\/strong><\/p>\n<p>5 anni di garanzia \u00e8 il sinonimo di qualit\u00e0 del prodotto. Tutte le parti a contatto diretto con il fuoco sono in acciaio inox spessore 4 mm, e prodotti di alta qualit\u00e0 per l&#8217;accumulo del calore. Inoltre studiata per qualsiasi tipo di shock termico, forse l&#8217;unica stufa ad accumulo che non necessita di nessuna precauzione ad accensione da fredda.<\/p>\n<p><strong>Certificata \u2606\u2606\u2606\u2606\u2606<\/strong><\/p>\n<p>Laser Team (produttrice delle stufe La Valmarecchia) opera secondo le normative europee vigenti del settore. Le stufe LA VALMARECCHIA sono certificate UNI EN 15250:2007.<\/p>\n","protected":false},"featured_media":55887,"template":"","meta":{"_acf_changed":false},"product_brand":[4040],"product_cat":[4546,4549],"product_tag":[2199],"class_list":{"0":"post-55886","1":"product","2":"type-product","3":"status-publish","4":"has-post-thumbnail","6":"product_brand-la-valmarecchia","7":"product_cat-stufe-a-legna","8":"product_cat-stufe-a-legna-pellet","9":"product_tag-stufe-a-legna-pellet-la-valmarecchia","10":"product_shipping_class-stufe-legna-pellet","11":"pa_colore-acciaio-e-maiolica-dec","12":"pa_colore-maiolica","13":"pa_colore-ollare","14":"sales-flash-overlay","15":"woocommerce-text-align-center","16":"woocommerce-image-align-center","17":"do-quantity-buttons","19":"first","20":"instock","21":"taxable","22":"shipping-taxable","23":"product-type-variable"},"acf":[],"_links":{"self":[{"href":"https:\/\/www.fokussrl.com\/it\/wp-json\/wp\/v2\/product\/55886","targetHints":{"allow":["GET"]}}],"collection":[{"href":"https:\/\/www.fokussrl.com\/it\/wp-json\/wp\/v2\/product"}],"about":[{"href":"https:\/\/www.fokussrl.com\/it\/wp-json\/wp\/v2\/types\/product"}],"wp:featuredmedia":[{"embeddable":true,"href":"https:\/\/www.fokussrl.com\/it\/wp-json\/wp\/v2\/media\/55887"}],"wp:attachment":[{"href":"https:\/\/www.fokussrl.com\/it\/wp-json\/wp\/v2\/media?parent=55886"}],"wp:term":[{"taxonomy":"product_brand","embeddable":true,"href":"https:\/\/www.fokussrl.com\/it\/wp-json\/wp\/v2\/product_brand?post=55886"},{"taxonomy":"product_cat","embeddable":true,"href":"https:\/\/www.fokussrl.com\/it\/wp-json\/wp\/v2\/product_cat?post=55886"},{"taxonomy":"product_tag","embeddable":true,"href":"https:\/\/www.fokussrl.com\/it\/wp-json\/wp\/v2\/product_tag?post=55886"}],"curies":[{"name":"wp","href":"https:\/\/api.w.org\/{rel}","templated":true}]}}