{"id":55938,"date":"2025-02-01T17:01:59","date_gmt":"2025-02-01T16:01:59","guid":{"rendered":"http:\/\/fokussrl.com\/prodotto\/stufa-a-legna-bifacciale-m-172-lk-m-122-lk-fm-calefaccion\/"},"modified":"2025-02-01T17:02:01","modified_gmt":"2025-02-01T16:02:01","slug":"stufa-a-legna-bifacciale-m-172-lk-m-122-lk-fm-calefaccion","status":"publish","type":"product","link":"https:\/\/www.fokussrl.com\/it\/prodotto\/stufa-a-legna-bifacciale-m-172-lk-m-122-lk-fm-calefaccion\/","title":{"rendered":"Stufa a legna bifacciale M-172 LK M-122 LK &#8211; FM Calefacci\u00f3n"},"content":{"rendered":"<h2>Caratteristiche M-172 LK<\/h2>\n<ul>\n<li>Potenza termica massima: 16,8 kW<\/li>\n<li>Potenza nominale: 12,6 kW<\/li>\n<li>Rendimento: 81%.<\/li>\n<li>Combustibile: Legna.<\/li>\n<li>Volume calefactabile: 335 m3.<\/li>\n<li>Consumo: 3,95 kg\/h.<\/li>\n<li>CO al 13% O2: 0,12%.<\/li>\n<li>Materiale: Acciaio fino a 4 mm<\/li>\n<li>Regolazione: Entrata di aria primaria e secondaria.<\/li>\n<li>Misure (Larghezza x Profondit&agrave; x Altezza) 710 x 454 x 949,5 mm<\/li>\n<li>Peso: 117 Kg<\/li>\n<li>Dimensioni tronchi: 62 cm.<\/li>\n<li>Sistema a Doppia Combustione e Vetro Pulito.<\/li>\n<li>Misure camera di combustione (Larghezza x Altezza x Profondit&agrave;): 545 x 285 x 370 mm<\/li>\n<li>Uscita Fumi Maschio &Oslash; 150 mm in ghisa.<\/li>\n<li>Vetro Serigrafato resistente fino a 750 &deg;C.<\/li>\n<li>Interno Camera in Vermiculite.<\/li>\n<li>Porta e Griglia in ghisa.<\/li>\n<li>Due ventilatori Assiali 160 m3\/h e 2 x 20 W.<\/li>\n<li>Interruttore a 3 posizioni, Modalit&agrave; Sicurezza Posizione 0.<\/li>\n<li>Doppia Camera.<\/li>\n<li>Portalegna in Acciaio.<\/li>\n<\/ul>\n<h2><strong>Caratteristiche M-122 LK<\/strong><\/h2>\n<ul>\n<li>Potenza termica massima: 18,8 kW<\/li>\n<li>Potenza nominale: 13,3 kW<\/li>\n<li>Rendimento: 81%.<\/li>\n<li>Combustibile: Legna.<\/li>\n<li>Volume calefactabile: 360 m3.<\/li>\n<li>Consumo: 3,78 kg\/h.<\/li>\n<li>CO al 13% O2: 0,10%.<\/li>\n<li>Materiale: Acciaio fino a 4 mm<\/li>\n<li>Regolazione: Entrata di aria primaria e secondaria.<\/li>\n<li>Misure (Larghezza x Profondit&agrave; x Altezza) 947,5 x 490 x 1060 mm<\/li>\n<li>Peso: 193 Kg<\/li>\n<li>Dimensioni tronchi: 95 cm.<\/li>\n<li>Sistema a Doppia Combustione e Vetro Pulito.<\/li>\n<li>Misure camera di combustione (Larghezza x Altezza x Profondit&agrave;): 820 x 330 x 415 mm<\/li>\n<li>Uscita Fumi Maschio &Oslash; 200 mm in ghisa.<\/li>\n<li>Vetro Serigrafato resistente fino a 750 &deg;C.<\/li>\n<li>Interno Camera in Vermiculite.<\/li>\n<li>Porta e Griglia in ghisa.<\/li>\n<li>Due ventilatori Assiali 160 m3\/h e 2 x 20 W.<\/li>\n<li>Interruttore a 3 posizioni, Modalit&agrave; Sicurezza Posizione 0.<\/li>\n<li>Doppia Camera.<\/li>\n<li>Portalegna in Acciaio.<\/li>\n<\/ul>\n","protected":false},"excerpt":{"rendered":"<p>Stufa a legna bifacciale con un deposito per la legna e turbine integrate. \u00c8 costruita in acciaio fino a 4 mm di spessore, con un sistema di doppia combustione per massimizzare l&#8217;efficienza. La stufa ha una uscita fumi maschio in ghisa e cristalli serigrafati resistenti fino a 750 \u00b0C. Dispone di due porte e una griglia in ghisa, mentre i ventilatori assiali forniscono una capacit\u00e0 di 160 m3\/h a 20 W di potenza. Un interruttore a tre posizioni permette di selezionare diverse modalit\u00e0, inclusa una posizione di sicurezza. La stufa \u00e8 dotata di una doppia camera e l&#8217;interno della camera \u00e8 rivestito in vermiculite per una migliore resistenza al calore. Gli accessori includono uno spray di vernice antigraffio resistente fino a 800 \u00b0C, un manicotto anticondensa nero vitrificato e un potenziometro analogico.<\/p>\n","protected":false},"featured_media":55939,"template":"","meta":{"_acf_changed":false},"product_brand":[4024],"product_cat":[4546],"product_tag":[1848],"class_list":{"0":"post-55938","1":"product","2":"type-product","3":"status-publish","4":"has-post-thumbnail","6":"product_brand-fm-calefaccion","7":"product_cat-stufe-a-legna","8":"product_tag-stufe-a-legna-fm-calefaccion","9":"product_shipping_class-stufe-a-legna","10":"pa_modello-m-122-lk","11":"pa_modello-m-172-lk","12":"sales-flash-overlay","13":"woocommerce-text-align-center","14":"woocommerce-image-align-center","15":"do-quantity-buttons","17":"first","18":"instock","19":"taxable","20":"shipping-taxable","21":"purchasable","22":"product-type-variable"},"acf":[],"_links":{"self":[{"href":"https:\/\/www.fokussrl.com\/it\/wp-json\/wp\/v2\/product\/55938","targetHints":{"allow":["GET"]}}],"collection":[{"href":"https:\/\/www.fokussrl.com\/it\/wp-json\/wp\/v2\/product"}],"about":[{"href":"https:\/\/www.fokussrl.com\/it\/wp-json\/wp\/v2\/types\/product"}],"wp:featuredmedia":[{"embeddable":true,"href":"https:\/\/www.fokussrl.com\/it\/wp-json\/wp\/v2\/media\/55939"}],"wp:attachment":[{"href":"https:\/\/www.fokussrl.com\/it\/wp-json\/wp\/v2\/media?parent=55938"}],"wp:term":[{"taxonomy":"product_brand","embeddable":true,"href":"https:\/\/www.fokussrl.com\/it\/wp-json\/wp\/v2\/product_brand?post=55938"},{"taxonomy":"product_cat","embeddable":true,"href":"https:\/\/www.fokussrl.com\/it\/wp-json\/wp\/v2\/product_cat?post=55938"},{"taxonomy":"product_tag","embeddable":true,"href":"https:\/\/www.fokussrl.com\/it\/wp-json\/wp\/v2\/product_tag?post=55938"}],"curies":[{"name":"wp","href":"https:\/\/api.w.org\/{rel}","templated":true}]}}