{"id":55987,"date":"2025-02-01T17:01:59","date_gmt":"2025-02-01T16:01:59","guid":{"rendered":"http:\/\/fokussrl.com\/prodotto\/stufa-a-legna-di-design-matrix-concept-feuer\/"},"modified":"2025-02-01T17:02:06","modified_gmt":"2025-02-01T16:02:06","slug":"stufa-a-legna-di-design-matrix-concept-feuer","status":"publish","type":"product","link":"https:\/\/www.fokussrl.com\/it\/prodotto\/stufa-a-legna-di-design-matrix-concept-feuer\/","title":{"rendered":"Stufa a legna di design MATRIX &#8211; Concept Feuer"},"content":{"rendered":"<ul>\n<li>Potenza min.-max. 3,5 &ndash; 10 kW<\/li>\n<li>Efficienza 79%<\/li>\n<li>Contenuto medio di CO dei gas di scarico riferito a 13% O&sup2; 0,05%<\/li>\n<li>Pressione minima di mandata 12 Pa<\/li>\n<li>Valore triplo DIN 4705 m (g\/S) 6,5 \/ (&deg;C) 340<\/li>\n<li>Pa 12 \/ Nw 7 kW<\/li>\n<li>Emissioni di polvere 23 mg<\/li>\n<li>Distanze minime dai componenti combustibili<br \/> lato 10 cm<br \/> 10 cm sul retro<\/li>\n<li>Peso kg 300<\/li>\n<li>Stufa (altezza\/larghezza\/profondit&agrave; max. in cm) 173\/49\/47<\/li>\n<li>Focolare (altezza\/larghezza\/profondit&agrave; max. in cm) 123,7\/36\/41<\/li>\n<li>Altezza attacco uscita canna fumaria superiore in cm 173<\/li>\n<li>Altezza attacco uscita canna fumaria al foro centrale posteriore in cm 159<\/li>\n<li>Altezza connessione est. Alimentazione aria comburente foro centrale cm 18<\/li>\n<li>Diametro del collegamento dell&#8217;aria fresca in mm 120<\/li>\n<\/ul>\n","protected":false},"excerpt":{"rendered":"<p>Stufa di design che incarna la concentrazione sull&#8217;essenziale: il fuoco.<\/p>\n<p>Grazie allo speciale condotto dell&#8217;aria comburente, siamo riusciti a creare un gioco di fiamma alto fino a 1 m che affascina ogni osservatore. Il design purista e semplice di questo oggetto \u00e8 senza tempo e diventer\u00e0 un punto culminante del design del tuo soggiorno. Una combustione altamente efficiente \u00e8 garantita da un perfetto coordinamento dell&#8217;alimentazione dell&#8217;aria comburente e da una geometria ottimale della camera di combustione.<\/p>\n<ul>\n<li>Consumo di legna molto basso con un&#8217;ottima dissipazione del calore<\/li>\n<li>Emissioni ultra basse e lenti pulite.<\/li>\n<\/ul>\n<p>Con un solo controller, \u00e8 possibile regolare continuamente la velocit\u00e0 di combustione e quindi regolare la velocit\u00e0 di combustione esattamente in base alle proprie esigenze. Un istituto di prova riconosciuto certifica l&#8217;eccezionale combustione di Matrix con valori di particolato di soli 25 mg\/m.<\/p>\n<p>Opzionalmente, il dispositivo pu\u00f2 essere dotato di un accumulatore di calore aggiuntivo in pietra ollare. Questo serbatoio di stoccaggio da 60 kg \u00e8 interno e quindi non visibile. Di conseguenza, ottengono una dissipazione del calore pi\u00f9 uniforme e duratura.<\/p>\n","protected":false},"featured_media":55988,"template":"","meta":{"_acf_changed":false},"product_brand":[4019],"product_cat":[4546],"product_tag":[2207],"class_list":{"0":"post-55987","1":"product","2":"type-product","3":"status-publish","4":"has-post-thumbnail","6":"product_brand-concept-feuer","7":"product_cat-stufe-a-legna","8":"product_tag-stufe-a-legna-concept-feuer","9":"product_shipping_class-stufe-a-legna","10":"pa_colore-acciaio-grezzo","11":"pa_colore-bianco","12":"pa_colore-nero","13":"pa_versione-con-accumulo","14":"pa_versione-senza-accumulo","15":"sales-flash-overlay","16":"woocommerce-text-align-center","17":"woocommerce-image-align-center","18":"do-quantity-buttons","20":"first","21":"instock","22":"taxable","23":"shipping-taxable","24":"product-type-variable"},"acf":[],"_links":{"self":[{"href":"https:\/\/www.fokussrl.com\/it\/wp-json\/wp\/v2\/product\/55987","targetHints":{"allow":["GET"]}}],"collection":[{"href":"https:\/\/www.fokussrl.com\/it\/wp-json\/wp\/v2\/product"}],"about":[{"href":"https:\/\/www.fokussrl.com\/it\/wp-json\/wp\/v2\/types\/product"}],"wp:featuredmedia":[{"embeddable":true,"href":"https:\/\/www.fokussrl.com\/it\/wp-json\/wp\/v2\/media\/55988"}],"wp:attachment":[{"href":"https:\/\/www.fokussrl.com\/it\/wp-json\/wp\/v2\/media?parent=55987"}],"wp:term":[{"taxonomy":"product_brand","embeddable":true,"href":"https:\/\/www.fokussrl.com\/it\/wp-json\/wp\/v2\/product_brand?post=55987"},{"taxonomy":"product_cat","embeddable":true,"href":"https:\/\/www.fokussrl.com\/it\/wp-json\/wp\/v2\/product_cat?post=55987"},{"taxonomy":"product_tag","embeddable":true,"href":"https:\/\/www.fokussrl.com\/it\/wp-json\/wp\/v2\/product_tag?post=55987"}],"curies":[{"name":"wp","href":"https:\/\/api.w.org\/{rel}","templated":true}]}}