{"id":56022,"date":"2025-02-01T17:02:05","date_gmt":"2025-02-01T16:02:05","guid":{"rendered":"http:\/\/fokussrl.com\/prodotto\/stufa-a-legna-emiliana-7-3-kw-la-nordica-extraflame\/"},"modified":"2026-01-16T08:29:34","modified_gmt":"2026-01-16T07:29:34","slug":"stufa-a-legna-emiliana-7-3-kw-la-nordica-extraflame","status":"publish","type":"product","link":"https:\/\/www.fokussrl.com\/it\/prodotto\/stufa-a-legna-emiliana-7-3-kw-la-nordica-extraflame\/","title":{"rendered":"Stufa a legna EMILIANA 7,3 kW &#8211; La Nordica &#8211; Extraflame"},"content":{"rendered":"<ul>\n<li>Focolare in ghisa<\/li>\n<li>Porte, telaio, basamento e testata in ghisa smaltata<\/li>\n<li>Cassetto cenere estraibile<\/li>\n<li>Aria primaria e secondaria regolabile per migliore gestione combustione<\/li>\n<li>Sistema di post-combustione per basse emissioni<\/li>\n<li>Vetro ceramico<\/li>\n<li>Rivestimento in maiolica lavorata a mano<\/li>\n<\/ul>\n<p>Questo prodotto \u00e8 certificato <strong>5 stelle<\/strong> secondo i requisiti di emissioni e rendimento della certificazione <strong>Aria Pulita<\/strong>.<\/p>\n<ul>\n<li><strong>6,5 kW <\/strong>Potenza termica nominale<\/li>\n<li><strong>186 m3 <\/strong>m\u00b3 riscaldabili<\/li>\n<li>Rendimento 88,7%<\/li>\n<li>Dimensioni (LxHxP) 453x950x490 mm<\/li>\n<li>Peso Netto 135 kg<\/li>\n<li>Consumo orario 1,7 kg\/h<\/li>\n<li>Diametro scarico fumi (\u00d8) 120 mm Sup<\/li>\n<li>Classe Energetica A+<\/li>\n<\/ul>\n","protected":false},"excerpt":{"rendered":"<p>Questa stupefacente stufa con piano cottura incarna la fusione perfetta tra funzionalit\u00e0 e design raffinato. Con un focolare in ghisa, garantisce una distribuzione uniforme del calore, creando un&#8217;atmosfera accogliente in qualsiasi ambiente. Le sue porte, il telaio, il basamento e la testata in ghisa smaltata conferiscono alla stufa un&#8217;eleganza senza tempo, mentre il rivestimento in acciaio o in maiolica lavorata a mano aggiunge un tocco di artigianalit\u00e0 e bellezza.<\/p>\n<p>Dotata di un cassetto cenere estraibile, la pulizia diventa un&#8217;operazione semplice e veloce, assicurando un funzionamento senza intoppi. La gestione della combustione \u00e8 ottimizzata grazie alla regolazione dell&#8217;aria primaria e secondaria, consentendo un controllo preciso della temperatura e del consumo di combustibile.<\/p>\n<p>In conformit\u00e0 con le normative ambientali pi\u00f9 stringenti, questa stufa \u00e8 dotata di un sistema di post-combustione progettato per ridurre al minimo le emissioni nocive, garantendo un&#8217;esperienza di riscaldamento ecologica.<\/p>\n","protected":false},"featured_media":56023,"template":"","meta":{"_acf_changed":false},"product_brand":[4039],"product_cat":[4546],"product_tag":[1869],"class_list":{"0":"post-56022","1":"product","2":"type-product","3":"status-publish","4":"has-post-thumbnail","6":"product_brand-la-nordica-extraflame","7":"product_cat-stufe-a-legna","8":"product_tag-stufe-a-legna-la-nordica-extraflame","9":"product_shipping_class-stufe-a-legna","10":"pa_colore-bianco-infinity","11":"pa_colore-bordeaux","12":"pa_colore-steel","13":"sales-flash-overlay","14":"woocommerce-text-align-center","15":"woocommerce-image-align-center","16":"do-quantity-buttons","18":"first","19":"instock","20":"taxable","21":"shipping-taxable","22":"purchasable","23":"product-type-variable"},"acf":[],"_links":{"self":[{"href":"https:\/\/www.fokussrl.com\/it\/wp-json\/wp\/v2\/product\/56022","targetHints":{"allow":["GET"]}}],"collection":[{"href":"https:\/\/www.fokussrl.com\/it\/wp-json\/wp\/v2\/product"}],"about":[{"href":"https:\/\/www.fokussrl.com\/it\/wp-json\/wp\/v2\/types\/product"}],"wp:featuredmedia":[{"embeddable":true,"href":"https:\/\/www.fokussrl.com\/it\/wp-json\/wp\/v2\/media\/56023"}],"wp:attachment":[{"href":"https:\/\/www.fokussrl.com\/it\/wp-json\/wp\/v2\/media?parent=56022"}],"wp:term":[{"taxonomy":"product_brand","embeddable":true,"href":"https:\/\/www.fokussrl.com\/it\/wp-json\/wp\/v2\/product_brand?post=56022"},{"taxonomy":"product_cat","embeddable":true,"href":"https:\/\/www.fokussrl.com\/it\/wp-json\/wp\/v2\/product_cat?post=56022"},{"taxonomy":"product_tag","embeddable":true,"href":"https:\/\/www.fokussrl.com\/it\/wp-json\/wp\/v2\/product_tag?post=56022"}],"curies":[{"name":"wp","href":"https:\/\/api.w.org\/{rel}","templated":true}]}}