{"id":56119,"date":"2025-02-01T17:02:10","date_gmt":"2025-02-01T16:02:10","guid":{"rendered":"http:\/\/fokussrl.com\/prodotto\/stufa-a-legna-in-ghisa-tai-55-md-13-kw-dovre\/"},"modified":"2025-02-01T17:02:11","modified_gmt":"2025-02-01T16:02:11","slug":"stufa-a-legna-in-ghisa-tai-55-md-13-kw-dovre","status":"publish","type":"product","link":"https:\/\/www.fokussrl.com\/it\/prodotto\/stufa-a-legna-in-ghisa-tai-55-md-13-kw-dovre\/","title":{"rendered":"Stufa a legna in ghisa TAI 55 MD 13 kW &#8211; Dovre"},"content":{"rendered":"<ul>\n<li>DIMENSIONI LXAXP (MM) 715x800x465<\/li>\n<li>PESO (KG) 190<\/li>\n<li>CARBURANTE Carbone, Multicombustibile, Legno<\/li>\n<li>DIAMETRO CONNESSIONE (MM) 150<\/li>\n<li>ALTEZZA DI CONNESSIONE (MM) 665<\/li>\n<li>LUOGO DI CONNESSIONE posteriore<\/li>\n<li>POTENZA NOMINALE (kW) 11<\/li>\n<li>POTENZA MINIMA (kW) 3,7<\/li>\n<li>POTENZA MASSIMA (kW) kW13<\/li>\n<li>SUPERFICIE RISCALDABILE (M&sup3;) 220<\/li>\n<li>EFFICIENZA 75,30%<\/li>\n<li>EMISSIONI DI CO (13% O2) 0,09<\/li>\n<li>PARTICELLE DI POLVERE (MG\/NM&sup3;) 5,1<\/li>\n<li>PRESSIONE MINIMA 12<\/li>\n<li>VOLUME FUMI (G\/S) 8,2<\/li>\n<li>LUNGHEZZA TRONCO (CM) 55<\/li>\n<li>SECONDA COMBUSTIONE S&Igrave;<\/li>\n<li>CASSETTO CENERE Inclusivo<\/li>\n<li>TEMP. MEDIA FUMI (&deg;C) 453<\/li>\n<li>INCREMENTO DI TEMPERATURA MISURATO NELLA SEZIONE DI MISURA (K) 318<\/li>\n<li>EMISSIONI DI NOX (13%O2 ALLA POTENZA TERMICA NOMINALE &#8211; MG\/NM&sup3;) 109<\/li>\n<li>EFFICIENZA ENERGETICA STAGIONALE DEL RISCALDAMENTO D&#8217;AMBIENTI (%) 65,3<\/li>\n<\/ul>\n","protected":false},"excerpt":{"rendered":"<p>Le stufe TAI sono sinonimo di semplicit\u00e0 e affidabilit\u00e0, grazie alla sua austerit\u00e0, sia nel design che nelle caratteristiche. Se opti per alta efficienza e calore ad un prezzo accessibile, troverai sicuramente quello che cerchi nella famiglia Tai. Il modello multicombustibile Tai, con imbuto per carbone, pu\u00f2 garantire fino a 36 ore di autonomia.<\/p>\n","protected":false},"featured_media":56120,"template":"","meta":{"_acf_changed":false},"product_brand":[4020],"product_cat":[4546],"product_tag":[1838],"class_list":{"0":"post-56119","1":"product","2":"type-product","3":"status-publish","4":"has-post-thumbnail","6":"product_brand-dovre","7":"product_cat-stufe-a-legna","8":"product_tag-stufe-a-legna-dovre","9":"product_shipping_class-stufe-a-legna","10":"pa_versione-con-coperchio-e-piano-cottura","11":"pa_versione-solo-riscaldamento","12":"sales-flash-overlay","13":"woocommerce-text-align-center","14":"woocommerce-image-align-center","15":"do-quantity-buttons","17":"first","18":"instock","19":"taxable","20":"shipping-taxable","21":"product-type-variable"},"acf":[],"_links":{"self":[{"href":"https:\/\/www.fokussrl.com\/it\/wp-json\/wp\/v2\/product\/56119","targetHints":{"allow":["GET"]}}],"collection":[{"href":"https:\/\/www.fokussrl.com\/it\/wp-json\/wp\/v2\/product"}],"about":[{"href":"https:\/\/www.fokussrl.com\/it\/wp-json\/wp\/v2\/types\/product"}],"wp:featuredmedia":[{"embeddable":true,"href":"https:\/\/www.fokussrl.com\/it\/wp-json\/wp\/v2\/media\/56120"}],"wp:attachment":[{"href":"https:\/\/www.fokussrl.com\/it\/wp-json\/wp\/v2\/media?parent=56119"}],"wp:term":[{"taxonomy":"product_brand","embeddable":true,"href":"https:\/\/www.fokussrl.com\/it\/wp-json\/wp\/v2\/product_brand?post=56119"},{"taxonomy":"product_cat","embeddable":true,"href":"https:\/\/www.fokussrl.com\/it\/wp-json\/wp\/v2\/product_cat?post=56119"},{"taxonomy":"product_tag","embeddable":true,"href":"https:\/\/www.fokussrl.com\/it\/wp-json\/wp\/v2\/product_tag?post=56119"}],"curies":[{"name":"wp","href":"https:\/\/api.w.org\/{rel}","templated":true}]}}