{"id":56524,"date":"2025-02-01T17:02:30","date_gmt":"2025-02-01T16:02:30","guid":{"rendered":"http:\/\/fokussrl.com\/prodotto\/stufa-a-pellet-ermetica-matisse-canalizzata-jolly-mec\/"},"modified":"2025-04-01T09:05:18","modified_gmt":"2025-04-01T07:05:18","slug":"stufa-a-pellet-ermetica-matisse-canalizzata-jolly-mec","status":"publish","type":"product","link":"https:\/\/www.fokussrl.com\/it\/prodotto\/stufa-a-pellet-ermetica-matisse-canalizzata-jolly-mec\/","title":{"rendered":"Stufa a pellet ermetica MATISSE canalizzata &#8211; Jolly Mec"},"content":{"rendered":"<h2>Caratteristiche\u00a0modello MATISSE 6 kW<\/h2>\n<ul>\n<li>Misure [h x l x p] (cm) 119 x 54 x 54<\/li>\n<li>Potenza nominale (kW) 6,2<\/li>\n<li>Rendimento (%) 91,4 &#8211; 91,6<\/li>\n<li>Ermeticit\u00e0<\/li>\n<li>Potenza bruciata (kW) 6,8<\/li>\n<li>Rendimento Energetico Stagionale (%) 81<\/li>\n<li>Diametro uscita fumi (mm) 80<\/li>\n<li>Diametro ingresso aria (mm) 50<\/li>\n<li>Contenuto serbatoio (kg) 17<\/li>\n<li>Temperatura media fumi (\u00b0C) 132,9<\/li>\n<li>Tiraggio minimo (Pa) 10<\/li>\n<li>Peso (kg) 135<\/li>\n<li>Classe Energetica A+<\/li>\n<\/ul>\n<h2>Caratteristiche modello MATISSE 8 kW<\/h2>\n<ul>\n<li>Misure [h x l x p] (cm) 119 x 54 x 54<\/li>\n<li>Potenza nominale (kW) 8,4<\/li>\n<li>Rendimento (%) 91,4 &#8211; 90,7<\/li>\n<li>Ermeticit\u00e0<\/li>\n<li>Potenza bruciata (kW) 9,3<\/li>\n<li>Rendimento Energetico Stagionale (%) 88<\/li>\n<li>Diametro uscita fumi (mm) 80<\/li>\n<li>Diametro ingresso aria (mm) 50<\/li>\n<li>Contenuto serbatoio (kg) 17<\/li>\n<li>Temperatura media fumi (\u00b0C) 160,5<\/li>\n<li>Tiraggio minimo (Pa) 10<\/li>\n<li>Peso (kg) 135<\/li>\n<li>Classe Energetica A+<\/li>\n<\/ul>\n<h2>Caratteristiche modello MATISSE 10 kW<\/h2>\n<ul>\n<li>Misure [h x l x p] (cm) 119 x 54 x 54<\/li>\n<li>Potenza nominale (kW) 10<\/li>\n<li>Rendimento (%) 91,4 &#8211; 90<\/li>\n<li>Ermeticit\u00e0<\/li>\n<li>Potenza bruciata (kW) 11,2<\/li>\n<li>Rendimento Energetico Stagionale (%) 87<\/li>\n<li>Diametro uscita fumi (mm) 80<\/li>\n<li>Diametro ingresso aria (mm) 50<\/li>\n<li>Contenuto serbatoio (kg) 17<\/li>\n<li>Temperatura media fumi (\u00b0C) 181,1<\/li>\n<li>Tiraggio minimo (Pa) 10<\/li>\n<li>Peso (kg) 135<\/li>\n<li>Classe Energetica A+<\/li>\n<\/ul>\n","protected":false},"excerpt":{"rendered":"<p>La stufa a pellet MATISSE nasce dalla profonda ricerca sull&#8217;essenzialit\u00e0 delle forme, unita all&#8217;eccellenza delle tecniche artigianali 100% Made in Italy. MATISSE \u00e8 il risultato della sintesi tra eleganza ed estrema innovazione: dispone infatti della tecnologia VERTICAL AIR\u00ae, di un sistema di alimentazione a basso consumo 24 Volt e del bruciatore brevettato J-EVO 3\u00ae.<br \/>\nDesign esclusivo: L&#8217;elegante rivestimento in vetro temperato nero di MATISSE \u00e8 intervallato dalla trama sartoriale di due griglie verticali che corrono lungo tutta la lunghezza della stufa. All&#8217;interno la camera di combustione in Fireflector presenta una forma tondeggiante.<br \/>\nMigliore distribuzione del calore: Matisse dispone del sistema VERTICAL AIR\u00ae, un brevetto Jolly Mec che diffonde l&#8217;aria verticalmente e riscalda l&#8217;ambiente in modo pi\u00f9 uniforme.<br \/>\nAncora pi\u00f9 silenziosa: la modalit\u00e0 Silent+ permette a MATISSE di riscaldare l&#8217;ambiente circostante in modo naturale senza l&#8217;utilizzo di ventilatori, eliminando il rumore.<br \/>\nBasso consumo elettrico e autonomia energetica: MATISSE \u00e8 alimentata full 24 Volt, una tecnologia che garantisce risparmio in termini di consumi elettrici, un migliore controllo della combustione e maggiore affidabilit\u00e0 e sicurezza. Attraverso un kit di batterie opzionale, il funzionamento \u00e8 garantito per pi\u00f9 giorni anche in assenza di corrente elettrica. In abbinamento al kit fotovoltaico Jolly Mec, la stufa a pellet MATISSE riscalda in modo 100% autonomo dalla corrente elettrica.<br \/>\nBruciatore autopulente: l&#8217;esclusivo bruciatore J-EVO 3\u00ae, il nuovo brevetto Jolly Mec che assicura una migliore e pi\u00f9 precisa combustione del pellet. Oltre alla maggiore silenziosit\u00e0, J-EVO 3\u00ae garantisce la possibilit\u00e0 di evitare la pulizia del braciere.<\/p>\n<p>Versione con doppia canalizzazione posteriore.<\/p>\n","protected":false},"featured_media":56495,"template":"","meta":{"_acf_changed":false},"product_brand":[4031],"product_cat":[4551,4552],"product_tag":[2253],"class_list":{"0":"post-56524","1":"product","2":"type-product","3":"status-publish","4":"has-post-thumbnail","6":"product_brand-jolly-mec","7":"product_cat-stufe-a-pellet-canalizzate","8":"product_cat-stufe-a-pellet-ermetiche","9":"product_tag-stufe-a-pellet-canalizzate-jolly-mec","10":"product_shipping_class-stufe-a-pellet-ermetiche","11":"pa_potenza-10-kw","12":"pa_potenza-6-kw","13":"pa_potenza-8-kw","14":"pa_versione-uscita-fumi-posteriore","15":"pa_versione-uscita-fumi-sup-concentrica","16":"pa_versione-uscita-fumi-superiore","17":"sales-flash-overlay","18":"woocommerce-text-align-center","19":"woocommerce-image-align-center","20":"do-quantity-buttons","22":"first","23":"instock","24":"taxable","25":"shipping-taxable","26":"product-type-variable"},"acf":[],"_links":{"self":[{"href":"https:\/\/www.fokussrl.com\/it\/wp-json\/wp\/v2\/product\/56524","targetHints":{"allow":["GET"]}}],"collection":[{"href":"https:\/\/www.fokussrl.com\/it\/wp-json\/wp\/v2\/product"}],"about":[{"href":"https:\/\/www.fokussrl.com\/it\/wp-json\/wp\/v2\/types\/product"}],"wp:featuredmedia":[{"embeddable":true,"href":"https:\/\/www.fokussrl.com\/it\/wp-json\/wp\/v2\/media\/56495"}],"wp:attachment":[{"href":"https:\/\/www.fokussrl.com\/it\/wp-json\/wp\/v2\/media?parent=56524"}],"wp:term":[{"taxonomy":"product_brand","embeddable":true,"href":"https:\/\/www.fokussrl.com\/it\/wp-json\/wp\/v2\/product_brand?post=56524"},{"taxonomy":"product_cat","embeddable":true,"href":"https:\/\/www.fokussrl.com\/it\/wp-json\/wp\/v2\/product_cat?post=56524"},{"taxonomy":"product_tag","embeddable":true,"href":"https:\/\/www.fokussrl.com\/it\/wp-json\/wp\/v2\/product_tag?post=56524"}],"curies":[{"name":"wp","href":"https:\/\/api.w.org\/{rel}","templated":true}]}}