{"id":56600,"date":"2025-02-01T17:02:40","date_gmt":"2025-02-01T16:02:40","guid":{"rendered":"http:\/\/fokussrl.com\/prodotto\/stufa-a-pellet-futura-evo-5-0-canalizzata-kalor\/"},"modified":"2025-02-01T17:02:43","modified_gmt":"2025-02-01T16:02:43","slug":"stufa-a-pellet-futura-evo-5-0-canalizzata-kalor","status":"publish","type":"product","link":"https:\/\/www.fokussrl.com\/it\/prodotto\/stufa-a-pellet-futura-evo-5-0-canalizzata-kalor\/","title":{"rendered":"Stufa a pellet FUTURA EVO 5.0 canalizzata &#8211; Kalor"},"content":{"rendered":"<ul>\n<li>Doppia porta<\/li>\n<li>Uscita fumi superiore o posteriore<\/li>\n<li>Braciere in ghisa<\/li>\n<li>Camera di combustione in acciaio<\/li>\n<li>Silenziosa<\/li>\n<li>1 canalizzazione posteriore<\/li>\n<\/ul>\n","protected":false},"excerpt":{"rendered":"<p><strong>Futura<\/strong>, di nome e di fatto. Il design pulito e lineare di questa nuova gamma di stufe, completato dalla presenza di una doppia porta, \u00e8 reso ancora pi\u00f9 innovativo dalla ventilazione superiore e dall&#8217;assenza di un vero display. Le stufe Futura, infatti, sono programmate e gestite da un radiocomando touch in grado di interagire fino a una distanza di 60 metri. La possibilit\u00e0 di avere l&#8217;uscita fumi superiore, rende queste stufe versatili e adatte anche agli spazi pi\u00f9 piccoli, senza sacrificare la grande capacit\u00e0 del serbatoio del pellet. Le stufe Futura, grazie alle loro caratteristiche, sono ecologiche e conformi al regolamento Ecodesign 2022.<\/p>\n<p>Versione evo con certificazione ambientale 5 stelle.<\/p>\n","protected":false},"featured_media":56571,"template":"","meta":{"_acf_changed":false},"product_brand":[4033],"product_cat":[4551],"product_tag":[1943],"class_list":{"0":"post-56600","1":"product","2":"type-product","3":"status-publish","4":"has-post-thumbnail","6":"product_brand-kalor","7":"product_cat-stufe-a-pellet-canalizzate","8":"product_tag-stufe-a-pellet-canalizzate-kalor","9":"product_shipping_class-stufe-a-pellet-canalizzate","10":"pa_colore-bianco","11":"pa_colore-bordeaux","12":"pa_colore-nero","13":"pa_potenza-11-kw","14":"pa_potenza-7-kw","15":"pa_potenza-9-kw","16":"sales-flash-overlay","17":"woocommerce-text-align-center","18":"woocommerce-image-align-center","19":"do-quantity-buttons","21":"first","22":"instock","23":"taxable","24":"shipping-taxable","25":"purchasable","26":"product-type-variable"},"acf":[],"_links":{"self":[{"href":"https:\/\/www.fokussrl.com\/it\/wp-json\/wp\/v2\/product\/56600","targetHints":{"allow":["GET"]}}],"collection":[{"href":"https:\/\/www.fokussrl.com\/it\/wp-json\/wp\/v2\/product"}],"about":[{"href":"https:\/\/www.fokussrl.com\/it\/wp-json\/wp\/v2\/types\/product"}],"wp:featuredmedia":[{"embeddable":true,"href":"https:\/\/www.fokussrl.com\/it\/wp-json\/wp\/v2\/media\/56571"}],"wp:attachment":[{"href":"https:\/\/www.fokussrl.com\/it\/wp-json\/wp\/v2\/media?parent=56600"}],"wp:term":[{"taxonomy":"product_brand","embeddable":true,"href":"https:\/\/www.fokussrl.com\/it\/wp-json\/wp\/v2\/product_brand?post=56600"},{"taxonomy":"product_cat","embeddable":true,"href":"https:\/\/www.fokussrl.com\/it\/wp-json\/wp\/v2\/product_cat?post=56600"},{"taxonomy":"product_tag","embeddable":true,"href":"https:\/\/www.fokussrl.com\/it\/wp-json\/wp\/v2\/product_tag?post=56600"}],"curies":[{"name":"wp","href":"https:\/\/api.w.org\/{rel}","templated":true}]}}