{"id":56966,"date":"2025-02-01T17:10:52","date_gmt":"2025-02-01T16:10:52","guid":{"rendered":"http:\/\/fokussrl.com\/prodotto\/stufa-elettrica-huntingdon-gazco\/"},"modified":"2025-02-01T17:10:55","modified_gmt":"2025-02-01T16:10:55","slug":"stufa-elettrica-huntingdon-gazco","status":"publish","type":"product","link":"https:\/\/www.fokussrl.com\/it\/prodotto\/stufa-elettrica-huntingdon-gazco\/","title":{"rendered":"Stufa elettrica HUNTINGDON &#8211; Gazco"},"content":{"rendered":"<ul>\n<li>Dimensions w x h x d (mm)<\/li>\n<li>20: 413 x 536 x 324<\/li>\n<li>30: 560 x 592 x 351<\/li>\n<li>40: 641 x 653 x 397<\/li>\n<li>Potenza termica: 0\/1\/2 kW<\/li>\n<li>Efficienza: 99%<\/li>\n<li>Scarico fumi: NO canna fumaria<\/li>\n<li>Regolazione potenza&amp;luminosit&agrave;: con telecomando<\/li>\n<li>Possibilit&agrave; uso senza riscaldamento: si<\/li>\n<li>Completa di sportello con decoro gotico<\/li>\n<\/ul>\n","protected":false},"excerpt":{"rendered":"<p>La Huntingdon 30 \u00e8 una stufa elettrica che convince con il suo design tradizionale. L&#8217;effetto fiamma viene creato dall&#8217;accensione di vari LED, mentre il riscaldamento da delle resistenze elettriche. Inoltre, grazie alla tecnologia Gazco VeriFlame\u2122 le resistenze si accendono in modo indipendente, e perci\u00f2 \u00e8 possibile accendere soltanto l&#8217;effetto fiamma. Si pu\u00f2 scielgiere tra tre livelli di luminosit\u00e0 e due livelli di potenza termica. Per il livello di luminosit\u00e0 pi\u00f9 alto si pu\u00f2 anche aggiungere un effetto fiamma blu che crea una fiamma ancora pi\u00f9 realistica. Tutto viene regolato in modo semplice e comodo da un telecomando.<\/p>\n","protected":false},"featured_media":56967,"template":"","meta":{"_acf_changed":false},"product_brand":[4028],"product_cat":[4554],"product_tag":[1856],"class_list":{"0":"post-56966","1":"product","2":"type-product","3":"status-publish","4":"has-post-thumbnail","6":"product_brand-gazco","7":"product_cat-stufe-elettriche","8":"product_tag-stufe-elettriche-gazco","9":"product_shipping_class-stufe-elettriche","10":"pa_modello-huntingdon-20","11":"pa_modello-huntingdon-30","12":"pa_modello-huntingdon-40","13":"sales-flash-overlay","14":"woocommerce-text-align-center","15":"woocommerce-image-align-center","16":"do-quantity-buttons","18":"first","19":"instock","20":"taxable","21":"shipping-taxable","22":"purchasable","23":"product-type-variable"},"acf":[],"_links":{"self":[{"href":"https:\/\/www.fokussrl.com\/it\/wp-json\/wp\/v2\/product\/56966","targetHints":{"allow":["GET"]}}],"collection":[{"href":"https:\/\/www.fokussrl.com\/it\/wp-json\/wp\/v2\/product"}],"about":[{"href":"https:\/\/www.fokussrl.com\/it\/wp-json\/wp\/v2\/types\/product"}],"wp:featuredmedia":[{"embeddable":true,"href":"https:\/\/www.fokussrl.com\/it\/wp-json\/wp\/v2\/media\/56967"}],"wp:attachment":[{"href":"https:\/\/www.fokussrl.com\/it\/wp-json\/wp\/v2\/media?parent=56966"}],"wp:term":[{"taxonomy":"product_brand","embeddable":true,"href":"https:\/\/www.fokussrl.com\/it\/wp-json\/wp\/v2\/product_brand?post=56966"},{"taxonomy":"product_cat","embeddable":true,"href":"https:\/\/www.fokussrl.com\/it\/wp-json\/wp\/v2\/product_cat?post=56966"},{"taxonomy":"product_tag","embeddable":true,"href":"https:\/\/www.fokussrl.com\/it\/wp-json\/wp\/v2\/product_tag?post=56966"}],"curies":[{"name":"wp","href":"https:\/\/api.w.org\/{rel}","templated":true}]}}