{"id":57032,"date":"2025-02-01T17:10:58","date_gmt":"2025-02-01T16:10:58","guid":{"rendered":"http:\/\/fokussrl.com\/prodotto\/stufa-termostatica-a-gas-ventilata-multigas-lincar\/"},"modified":"2025-02-01T17:10:59","modified_gmt":"2025-02-01T16:10:59","slug":"stufa-termostatica-a-gas-ventilata-multigas-lincar","status":"publish","type":"product","link":"https:\/\/www.fokussrl.com\/it\/prodotto\/stufa-termostatica-a-gas-ventilata-multigas-lincar\/","title":{"rendered":"Stufa termostatica a gas ventilata MULTIGAS &#8211; Lincar"},"content":{"rendered":"<h2>Caratteristiche Mod. 9011<\/h2>\n<ul>\n<li>Volume riscaldabile: 195 m3<\/li>\n<li>Potenza:&nbsp;8,6 kW<\/li>\n<li>Classe: 1<\/li>\n<li>Consumo Metano:&nbsp;0,950&nbsp;m3\/h<\/li>\n<li>Consumo GPL:&nbsp;0,700&nbsp;kW\/h<\/li>\n<li>Tubo di scarico:&nbsp;&Oslash; 80&nbsp;mm<\/li>\n<li>Termostato:&nbsp;s&igrave;<\/li>\n<li>Convezione:&nbsp;Ventilato<\/li>\n<li>Tipo di accensione:&nbsp;Piezo<\/li>\n<li>Dimensioni:&nbsp;780x260x730 mm<\/li>\n<li>Imballo: Vol&nbsp;830x320x770 &#8211;&nbsp;0,210 m3<\/li>\n<li>Numero di pezzi: 1<\/li>\n<li>Peso: 31 Kg<\/li>\n<\/ul>\n<h2>Caratteristiche Mod. 9011<\/h2>\n<ul>\n<li>Volume riscaldabile: 250 m3<\/li>\n<li>Potenza: 10,5 kW<\/li>\n<li>Classe: 1<\/li>\n<li>Consumo Metano: 1,260&nbsp;m3\/h<\/li>\n<li>Consumo GPL: 0,945 kW\/h<\/li>\n<li>Tubo di scarico:&nbsp;&Oslash; 100 mm<\/li>\n<li>Termostato: s&igrave;<\/li>\n<li>Convezione:&nbsp;Ventilato<\/li>\n<li>Tipo di accensione:&nbsp;Piezo<\/li>\n<li>Dimensioni:&nbsp;900x260x730 mm<\/li>\n<li>Imballo:&nbsp;Vol&nbsp;950x330x770 &#8211; 0,250 m3<\/li>\n<li>Numero di pezzi: 1<\/li>\n<li>Peso: 36 Kg<\/li>\n<\/ul>\n","protected":false},"excerpt":{"rendered":"<p>I radiatori a gas Lincar, sono di <strong>semplice installazione<\/strong> e di eccezionale efficacia; la loro versatilit\u00e0 li rende ideali per il riscaldamento di ambienti nei quali si necessita una temperatura superiore a quella normale di esercizio. Il loro <strong>design lineare<\/strong> e la forma non ingombrante, fanno s\u00ec che si adattino a qualsiasi ambiente.<\/p>\n<p>Le stufe termostatiche Lincar sono prodotte in due versioni, <strong>a<\/strong> <strong>convezione naturale<\/strong>, ed <strong>a convezione forzata<\/strong> (dotate di ventilatore a velocit\u00e0 variabile, con selettore dedicato che offre la possibilit\u00e0 di selezionare la modalit\u00e0 off, velocit\u00e0 minima o massima)<\/p>\n<p>Tutti gli apparecchi sono dotati di <strong>dispositivo di sicurezza<\/strong> per l&#8217;evacuazione dei prodotti della combustione.<\/p>\n","protected":false},"featured_media":57033,"template":"","meta":{"_acf_changed":false},"product_brand":[4042],"product_cat":[4545],"product_tag":[2290],"class_list":{"0":"post-57032","1":"product","2":"type-product","3":"status-publish","4":"has-post-thumbnail","6":"product_brand-lincar","7":"product_cat-stufe-a-gas","8":"product_tag-stufe-a-gas-lincar","9":"product_shipping_class-stufe-a-gas","10":"pa_potenza-10-5-kw","11":"pa_potenza-8-6-kw","12":"sales-flash-overlay","13":"woocommerce-text-align-center","14":"woocommerce-image-align-center","15":"do-quantity-buttons","17":"first","18":"instock","19":"taxable","20":"shipping-taxable","21":"purchasable","22":"product-type-variable"},"acf":[],"_links":{"self":[{"href":"https:\/\/www.fokussrl.com\/it\/wp-json\/wp\/v2\/product\/57032","targetHints":{"allow":["GET"]}}],"collection":[{"href":"https:\/\/www.fokussrl.com\/it\/wp-json\/wp\/v2\/product"}],"about":[{"href":"https:\/\/www.fokussrl.com\/it\/wp-json\/wp\/v2\/types\/product"}],"wp:featuredmedia":[{"embeddable":true,"href":"https:\/\/www.fokussrl.com\/it\/wp-json\/wp\/v2\/media\/57033"}],"wp:attachment":[{"href":"https:\/\/www.fokussrl.com\/it\/wp-json\/wp\/v2\/media?parent=57032"}],"wp:term":[{"taxonomy":"product_brand","embeddable":true,"href":"https:\/\/www.fokussrl.com\/it\/wp-json\/wp\/v2\/product_brand?post=57032"},{"taxonomy":"product_cat","embeddable":true,"href":"https:\/\/www.fokussrl.com\/it\/wp-json\/wp\/v2\/product_cat?post=57032"},{"taxonomy":"product_tag","embeddable":true,"href":"https:\/\/www.fokussrl.com\/it\/wp-json\/wp\/v2\/product_tag?post=57032"}],"curies":[{"name":"wp","href":"https:\/\/api.w.org\/{rel}","templated":true}]}}