{"id":57216,"date":"2025-02-01T17:11:14","date_gmt":"2025-02-01T16:11:14","guid":{"rendered":"http:\/\/fokussrl.com\/prodotto\/termocucina-a-legna-altea-country-klover\/"},"modified":"2026-04-08T15:52:48","modified_gmt":"2026-04-08T13:52:48","slug":"termocucina-a-legna-altea-country-klover","status":"publish","type":"product","link":"https:\/\/www.fokussrl.com\/it\/prodotto\/termocucina-a-legna-altea-country-klover\/","title":{"rendered":"Termocucina a legna ALTEA COUNTRY &#8211; Klover"},"content":{"rendered":"","protected":false},"excerpt":{"rendered":"<p>Volete riscaldare tutta la vostra casa utilizzando poca legna?<\/p>\n<p>La risposta giusta \u00e8 la termocucina a legna ALTEA.<\/p>\n<p>Con una potenza di 14,7 kW complessivi infatti, riscalderete agevolmente case di oltre 150 metri quadrati e produrrete tutta l&#8217;acqua calda sanitaria per il fabbisogno dell&#8217;intera famiglia.<\/p>\n<p>Volete preparare gustose pietanze sulla piastra e sul forno?<\/p>\n<p>La risposta giusta \u00e8 la termocucina a legna ALTEA.<\/p>\n<p>Grazie alla piastra in ghisa radiante a \u201cdue fuochi\u201d avrete la possibilit\u00e0 di preparare contemporaneamente pi\u00f9 pietanze.<\/p>\n<p>Il forno in acciaio inox inoltre, dotato di luce interna e di guide estraibili, vi permetter\u00e0 di sbizzarrirvi preparando ottime lasagne, arrosti e dolci.<\/p>\n<p>Volete un prodotto dotato dell&#8217;esclusivo Sistema SICURO top?<\/p>\n<p>La risposta giusta \u00e8 la termocucina a legna ALTEA.<\/p>\n<p>La sicurezza \u00e8 la cosa pi\u00f9 importante, ed il nostro Sistema Sicuro top che da tanti anni ci caratterizza, vi dar\u00e0 la tranquillit\u00e0 assoluta.<\/p>\n<p>La componentistica idraulica tutta di serie semplificher\u00e0 il montaggio.<\/p>\n<p>Volete avere resa elevata e basse emissioni in atmosfera?<\/p>\n<p>La risposta giusta \u00e8 la termocucina a legna ALTEA.<\/p>\n<p>Con un rendimento certificato dell&#8217; 89,4 % e con polveri di 17,5 mg\/m3 avrete il prodotto a legna pi\u00f9 performante e pi\u00f9 ecologico della sua categoria.<\/p>\n<p>Volete un design contemporaneo e ricercato?<\/p>\n<p>La risposta giusta \u00e8 la termocucina a legna ALTEA.<\/p>\n<p>Le finiture di pregio, le porte fuoco e forno dotate di doppio vetro ceramico e di preziose maniglie e la gamma colori delle maioliche preziose smaltate a mano, sono solo alcune caratteristiche che rendono questo prodotto la scelta giusta per la vostra abitazione.<\/p>\n","protected":false},"featured_media":70784,"template":"","meta":{"_acf_changed":false},"product_brand":[4035],"product_cat":[4560],"product_tag":[2313],"class_list":{"0":"post-57216","1":"product","2":"type-product","3":"status-publish","4":"has-post-thumbnail","6":"product_brand-klover","7":"product_cat-termocucine-a-legna","8":"product_tag-termocucine-a-legna-klover","9":"product_shipping_class-termocucine-a-legna","10":"pa_versione-con-produzione-acqua-sanitaria","11":"pa_versione-solo-riscaldamento","12":"sales-flash-overlay","13":"woocommerce-text-align-center","14":"woocommerce-image-align-center","15":"do-quantity-buttons","17":"first","18":"instock","19":"taxable","20":"shipping-taxable","21":"purchasable","22":"product-type-variable"},"acf":[],"_links":{"self":[{"href":"https:\/\/www.fokussrl.com\/it\/wp-json\/wp\/v2\/product\/57216","targetHints":{"allow":["GET"]}}],"collection":[{"href":"https:\/\/www.fokussrl.com\/it\/wp-json\/wp\/v2\/product"}],"about":[{"href":"https:\/\/www.fokussrl.com\/it\/wp-json\/wp\/v2\/types\/product"}],"wp:featuredmedia":[{"embeddable":true,"href":"https:\/\/www.fokussrl.com\/it\/wp-json\/wp\/v2\/media\/70784"}],"wp:attachment":[{"href":"https:\/\/www.fokussrl.com\/it\/wp-json\/wp\/v2\/media?parent=57216"}],"wp:term":[{"taxonomy":"product_brand","embeddable":true,"href":"https:\/\/www.fokussrl.com\/it\/wp-json\/wp\/v2\/product_brand?post=57216"},{"taxonomy":"product_cat","embeddable":true,"href":"https:\/\/www.fokussrl.com\/it\/wp-json\/wp\/v2\/product_cat?post=57216"},{"taxonomy":"product_tag","embeddable":true,"href":"https:\/\/www.fokussrl.com\/it\/wp-json\/wp\/v2\/product_tag?post=57216"}],"curies":[{"name":"wp","href":"https:\/\/api.w.org\/{rel}","templated":true}]}}