{"id":57920,"date":"2025-02-01T17:19:40","date_gmt":"2025-02-01T16:19:40","guid":{"rendered":"http:\/\/fokussrl.com\/prodotto\/termostufa-pellet-legna-dual-klover\/"},"modified":"2026-01-07T08:03:10","modified_gmt":"2026-01-07T07:03:10","slug":"termostufa-pellet-legna-dual-klover","status":"publish","type":"product","link":"https:\/\/www.fokussrl.com\/it\/prodotto\/termostufa-pellet-legna-dual-klover\/","title":{"rendered":"Termostufa pellet\/legna DUAL &#8211; Klover"},"content":{"rendered":"<h2>Versione a pellet<\/h2>\n<ul>\n<li>Potenza termica nominale: Pmin 4,7 kW &#8211; Pmax 16,1 kW<\/li>\n<li>Rendimento:\u00a0Pmin 93% &#8211; Pmax 94%<\/li>\n<li>Consumo: Pmin 1 Kg\/h &#8211; Pmax 3,5\u00a0Kg\/h<\/li>\n<li>Autonomia di funzionamento:\u00a0Pmin 30 h &#8211;\u00a0Pmax\u00a09<\/li>\n<li>Capacit\u00e0 serbatoio pellet: 30 Kg<\/li>\n<li>Diametro scarico fumi: 180 mm<\/li>\n<\/ul>\n<h2>Versione a legna<\/h2>\n<ul>\n<li>Potenza termica nominale: 11,3 kW<\/li>\n<li>Rendimento:\u00a091,9%<\/li>\n<li>Consumo: 2,8 Kg\/h<\/li>\n<\/ul>\n","protected":false},"excerpt":{"rendered":"<p>DUAL \u00e8 una stufa legna\/pellet dal design unico e raffinato, la pi\u00f9 innovativa di tutta la gamma. Le porte fuoco dotate di doppio vetro ceramico, le maniglie \u201cfredde\u201d fisse, le linee morbide ed arrotondate e le maioliche fatte e decorate a mano, sono solo alcune delle peculiarit\u00e0 di questo prodotto. La dotazione idraulica completa e di serie, il sistema di sicurezza \u201cSICURO top\u201d, gli altissimi rendimenti di combustione e le basse emissioni, fanno di DUAL un prodotto unico al mondo.<\/p>\n<p>ALTA RESA ALL&#8217;IMPIANTO. Lo sfruttamento totale della fiamma e dei fumi dato dal particolare giro di fumi assicura un passaggio totale del calore all&#8217;acqua dell&#8217;impianto di riscaldamento.<\/p>\n<p>TOTALE COMPATIBILITA&#8217;. La termostufa \u00e8 compatibile con qualsiasi caldaia, anche di tipo murale a gas.<\/p>\n<p>FACILE DA INSTALLARE. La componentistica idraulica necessaria per la corretta installazione sull&#8217;impianto \u00e8 tutta montata sulla termostufa, quindi non deve essere creato nessun vano tecnico. La termostufa \u00e8 compatibile con qualsiasi caldaia, anche di tipo murale. In caso di assenza di energia elettrica il fuoco si spegne automaticamente. Spostando il top in maiolica, appoggiato al piano superiore, si controlla la pressione dell&#8217;impianto tramite il manometro e si sfiata l&#8217;aria dal corpo caldaia con l&#8217;apposito rubinetto di sfiato; agendo sui due pomelli laterali si pulisce completamente il giro fumi laterale.<\/p>\n<p>FACILE DA PULIRE. La pulizia del giro fumi \u00e8 semplice e veloce. Azionando manualmente i due pomelli laterali si andr\u00e0 quindi pulire il passaggio laterale dei fumi in uscita. Tutta la cenere cade alla base ed \u00e8 facilmente accessibile aprendo le due bocchette di pulizia poste sotto il giro fumi.<\/p>\n<p>TUTTO DI SERIE. La dotazione di serie comprende: Sistema \u201cSICURO top\u201d, centralina elettronica, circolatore impianto, pompa di ricircolo, vaso d&#8217;espansione chiuso, valvola di sicurezza, manometro pressione acqua impianto, valvola di sfiato aria, valvola di ritegno, rubinetto di scarico caldaia, termostato sicurezza, pressostato scarico fumi, camera stagna di combustione, &#8220;Sistema doppia combustione&#8221;, &#8220;Sistema vetro pulito&#8221;, registro fumi automatico lato legna, valvola termostatica per aria comburente lato legna, piedini regolabili.<\/p>\n<p>DUE IN UNO. Due camere di combustione completamente separate, una per il pellet ed una per la legna, garantiscono il massimo sfruttamento della fiamma e dei fumi in uscita. Ecco perch\u00e9 raggiunge alti rendimenti con emissioni in atmosfera bassissime. Un&#8217;unica canna fumaria permette l&#8217;installazione della termostufa in qualsiasi ambiente senza complicate opere murarie.<\/p>\n<p>IL PELLET INCONTRA LA LEGNA. pu\u00f2 funzionare solamente a pellet, solamente a legna, a legna con la possibilit\u00e0 di accendere automaticamente il pellet non appena si abbassa la temperatura acqua caldaia, a pellet e legna contemporaneamente. Il programmatore settimanale permette l&#8217;accensione automatica del pellet fino a 4 volte al giorno per l&#8217;intera settimana. Il capiente serbatoio pellet (48 Kg) assicura un&#8217;ottima autonomia di funzionamento, con lunghi intervalli di carico.<\/p>\n<p>FACILE CARICARE LA LEGNA. Caricare la legna nella Dual \u00e8 facile e veloce, poich\u00e9 la porta della camera fuoco \u00e8 in posizione comoda e sufficientemente alta per rendere tale operazione agevole a tutti. Bi-Fire Mid \u00e8 dotata anche di particolare registro fumi nel lato legna che si apre automaticamente ogni volta che si carica la legna, per evitare fastidiose uscite di fumo durante tale operazione.<\/p>\n<p>COMBUSTIONE OTTIMALE. La combustione del pellet \u00e8 \u201ccontrollata\u201d dalla centralina elettronica e quindi \u00e8 assicurato il giusto apporto di aria comburente. Per ottenere lo stesso risultato con la legna, abbiamo installato sulla Dual una speciale valvola termostatica che chiude gradualmente l&#8217;entrata dell&#8217;aria comburente al raggiungimento del livello di temperatura impostato tramite l&#8217;apposita maniglietta.<\/p>\n<p>POMPA DI RICIRCOLO. Per ottenere il massimo scambio termico tra calore sviluppato, l&#8217;acqua dell&#8217;impianto e l&#8217;acqua sanitaria, abbiamo installato sulla Dual una pompa di ricircolo. Cos\u00ec facendo si ottimizza il passaggio di calore tra fumi e acqua e si evita il pericolo di eventuale formazione di condensa.<\/p>\n","protected":false},"featured_media":57921,"template":"","meta":{"_acf_changed":false},"product_brand":[4035],"product_cat":[4565],"product_tag":[2343],"class_list":{"0":"post-57920","1":"product","2":"type-product","3":"status-publish","4":"has-post-thumbnail","6":"product_brand-klover","7":"product_cat-termostufe-legna-pellet","8":"product_tag-termostufe-legna-pellet-klover","9":"product_shipping_class-termostufe-legna-pellet","10":"pa_colore-maiolica-avorio","11":"pa_colore-maiolica-bordeaux","12":"pa_colore-maiolica-matt-black","13":"pa_colore-maiolica-terra-di-siena","14":"pa_versione-con-produzione-acqua-sanitaria","15":"pa_versione-senza-kit-idraulico","16":"sales-flash-overlay","17":"woocommerce-text-align-center","18":"woocommerce-image-align-center","19":"do-quantity-buttons","21":"first","22":"instock","23":"taxable","24":"shipping-taxable","25":"purchasable","26":"product-type-variable"},"acf":[],"_links":{"self":[{"href":"https:\/\/www.fokussrl.com\/it\/wp-json\/wp\/v2\/product\/57920","targetHints":{"allow":["GET"]}}],"collection":[{"href":"https:\/\/www.fokussrl.com\/it\/wp-json\/wp\/v2\/product"}],"about":[{"href":"https:\/\/www.fokussrl.com\/it\/wp-json\/wp\/v2\/types\/product"}],"wp:featuredmedia":[{"embeddable":true,"href":"https:\/\/www.fokussrl.com\/it\/wp-json\/wp\/v2\/media\/57921"}],"wp:attachment":[{"href":"https:\/\/www.fokussrl.com\/it\/wp-json\/wp\/v2\/media?parent=57920"}],"wp:term":[{"taxonomy":"product_brand","embeddable":true,"href":"https:\/\/www.fokussrl.com\/it\/wp-json\/wp\/v2\/product_brand?post=57920"},{"taxonomy":"product_cat","embeddable":true,"href":"https:\/\/www.fokussrl.com\/it\/wp-json\/wp\/v2\/product_cat?post=57920"},{"taxonomy":"product_tag","embeddable":true,"href":"https:\/\/www.fokussrl.com\/it\/wp-json\/wp\/v2\/product_tag?post=57920"}],"curies":[{"name":"wp","href":"https:\/\/api.w.org\/{rel}","templated":true}]}}