{"id":59874,"date":"2025-02-04T01:15:36","date_gmt":"2025-02-04T00:15:36","guid":{"rendered":"http:\/\/fokussrl.com\/prodotto\/barbecue-a-pellet-poldo-easy-laminox\/"},"modified":"2025-02-04T01:15:41","modified_gmt":"2025-02-04T00:15:41","slug":"barbecue-a-pellet-poldo-easy-laminox","status":"publish","type":"product","link":"https:\/\/www.fokussrl.com\/it\/prodotto\/barbecue-a-pellet-poldo-easy-laminox\/","title":{"rendered":"Barbecue a pellet POLDO EASY &#8211; Laminox"},"content":{"rendered":"<ul>\n<li>Capacit&agrave; serbatoio pellet 6 kg<\/li>\n<li>Scarico fumi 80 mm<\/li>\n<li>Dimensioni (LxPxH) 658 x 640 x 988 mm<\/li>\n<li>Peso 68 kg<\/li>\n<li>Colori Antracite, Rosso, Verde<\/li>\n<li>Combustibile Pellet Rivestimento Acciaio<\/li>\n<li>Consumo pellet Da 0,60 a 1,90 kg\/h<\/li>\n<li>Dimensioni piano cottura Da 50 a 40 cm<\/li>\n<li>La piastra di serie &egrave; in pietra lavica.<\/li>\n<\/ul>\n<p>Optional disponibile piastra in pietra ollare oppure in ghisa.<\/p>\n","protected":false},"excerpt":{"rendered":"<p>Barbecue a pellet senza elettricit\u00e0 destinato all&#8217;uso domestico, ottimo per grigliate in famiglia o con amici. Questi modello \u00e8 adatto anche ad impieghi prolungati, perch\u00e9 un sistema di sicurezza permette di ricaricare il combustibile anche durante l&#8217;utilizzo. Dotato di cassetto cenere estraibile e di base con ruote per il trasporto. Completo di griglie laterali poggia vivande, spazzola 3 in 1, tubo scarico fumi e comignolo inox. Temperatura regolabile in continuo.<\/p>\n","protected":false},"featured_media":59875,"template":"","meta":{"_acf_changed":false},"product_brand":[4041],"product_cat":[4518],"product_tag":[1932],"class_list":{"0":"post-59874","1":"product","2":"type-product","3":"status-publish","4":"has-post-thumbnail","6":"product_brand-laminox-idro","7":"product_cat-barbecue-a-pellet","8":"product_tag-barbecue-a-pellet-laminox-idro","9":"product_shipping_class-barbecue-a-pellet","10":"pa_colore-nero","11":"pa_colore-rosso","12":"sales-flash-overlay","13":"woocommerce-text-align-center","14":"woocommerce-image-align-center","15":"do-quantity-buttons","17":"first","18":"instock","19":"taxable","20":"shipping-taxable","21":"purchasable","22":"product-type-variable"},"acf":[],"_links":{"self":[{"href":"https:\/\/www.fokussrl.com\/it\/wp-json\/wp\/v2\/product\/59874","targetHints":{"allow":["GET"]}}],"collection":[{"href":"https:\/\/www.fokussrl.com\/it\/wp-json\/wp\/v2\/product"}],"about":[{"href":"https:\/\/www.fokussrl.com\/it\/wp-json\/wp\/v2\/types\/product"}],"wp:featuredmedia":[{"embeddable":true,"href":"https:\/\/www.fokussrl.com\/it\/wp-json\/wp\/v2\/media\/59875"}],"wp:attachment":[{"href":"https:\/\/www.fokussrl.com\/it\/wp-json\/wp\/v2\/media?parent=59874"}],"wp:term":[{"taxonomy":"product_brand","embeddable":true,"href":"https:\/\/www.fokussrl.com\/it\/wp-json\/wp\/v2\/product_brand?post=59874"},{"taxonomy":"product_cat","embeddable":true,"href":"https:\/\/www.fokussrl.com\/it\/wp-json\/wp\/v2\/product_cat?post=59874"},{"taxonomy":"product_tag","embeddable":true,"href":"https:\/\/www.fokussrl.com\/it\/wp-json\/wp\/v2\/product_tag?post=59874"}],"curies":[{"name":"wp","href":"https:\/\/api.w.org\/{rel}","templated":true}]}}