{"id":60512,"date":"2025-02-04T01:16:15","date_gmt":"2025-02-04T00:16:15","guid":{"rendered":"http:\/\/fokussrl.com\/prodotto\/cucina-a-pellet-nina-7-5-kw-eva-calor\/"},"modified":"2025-02-04T01:16:18","modified_gmt":"2025-02-04T00:16:18","slug":"cucina-a-pellet-nina-7-5-kw-eva-calor","status":"publish","type":"product","link":"https:\/\/www.fokussrl.com\/it\/prodotto\/cucina-a-pellet-nina-7-5-kw-eva-calor\/","title":{"rendered":"Cucina a pellet NINA 7,5 kW &#8211; Eva Calor"},"content":{"rendered":"<ul>\n<li>Potenza al focolare: max min. 7,5 kW 2,8 kW<\/li>\n<li>Potenza nominale: max. min. 6,7 kW 2,5 kW<\/li>\n<li>Rendimento: max min. 88,5% 89,1%<\/li>\n<li>Consumo: max min. 1,56 kg\/h 0,57 Kg\/h<\/li>\n<li>Capienza serbatoio: 16 Kg<\/li>\n<li>Volume in m3 riscaldabile: min. 70 max. 160<\/li>\n<li>Dimensioni: l. 59,8 p. 61,8 h. 91,6<\/li>\n<li>Peso: Kg 135<\/li>\n<li>Certificazioni EN 14785, BlmSchv II, 15a B-VG, LRV-VKF<\/li>\n<li>Cassetto estraibile<\/li>\n<li>Scarico fumi: superiore o posteriore<\/li>\n<\/ul>\n","protected":false},"excerpt":{"rendered":"<p>Questa cucina unisce la praticit\u00e0 del pellet alla collaudata tradizione della cucina economica con cui si possono preparare le pietanze ed allo stesso modo riscaldare la casa.<\/p>\n<p>E&#8217; ventilata ed \u00e8 dotata di un sistema di caricamento frontale del pellet molto facile da utilizzare. Lo scarico dei fumi pu\u00f2 essere superiore o posteriore e nel periodo estivo la ventilazione pu\u00f2 essere esclusa.<\/p>\n<p>Versione con piastra superiore in acciaio. OPTIONAL in vetroceramica.<\/p>\n","protected":false},"featured_media":60513,"template":"","meta":{"_acf_changed":false},"product_brand":[4022],"product_cat":[4536],"product_tag":[1842],"class_list":{"0":"post-60512","1":"product","2":"type-product","3":"status-publish","4":"has-post-thumbnail","6":"product_brand-eva-calor","7":"product_cat-cucine-a-pellet","8":"product_tag-cucine-a-pellet-eva-calor","9":"product_shipping_class-cucine-a-pellet","10":"pa_colore-avorio","11":"pa_colore-nero-goffrato","12":"pa_colore-rosso","13":"sales-flash-overlay","14":"woocommerce-text-align-center","15":"woocommerce-image-align-center","16":"do-quantity-buttons","18":"first","19":"instock","20":"taxable","21":"shipping-taxable","22":"purchasable","23":"product-type-variable"},"acf":[],"_links":{"self":[{"href":"https:\/\/www.fokussrl.com\/it\/wp-json\/wp\/v2\/product\/60512","targetHints":{"allow":["GET"]}}],"collection":[{"href":"https:\/\/www.fokussrl.com\/it\/wp-json\/wp\/v2\/product"}],"about":[{"href":"https:\/\/www.fokussrl.com\/it\/wp-json\/wp\/v2\/types\/product"}],"wp:featuredmedia":[{"embeddable":true,"href":"https:\/\/www.fokussrl.com\/it\/wp-json\/wp\/v2\/media\/60513"}],"wp:attachment":[{"href":"https:\/\/www.fokussrl.com\/it\/wp-json\/wp\/v2\/media?parent=60512"}],"wp:term":[{"taxonomy":"product_brand","embeddable":true,"href":"https:\/\/www.fokussrl.com\/it\/wp-json\/wp\/v2\/product_brand?post=60512"},{"taxonomy":"product_cat","embeddable":true,"href":"https:\/\/www.fokussrl.com\/it\/wp-json\/wp\/v2\/product_cat?post=60512"},{"taxonomy":"product_tag","embeddable":true,"href":"https:\/\/www.fokussrl.com\/it\/wp-json\/wp\/v2\/product_tag?post=60512"}],"curies":[{"name":"wp","href":"https:\/\/api.w.org\/{rel}","templated":true}]}}