{"id":60709,"date":"2025-02-04T01:16:33","date_gmt":"2025-02-04T00:16:33","guid":{"rendered":"http:\/\/fokussrl.com\/prodotto\/stufa-a-pellet-quadra-canalizzata-kalor\/"},"modified":"2025-10-14T09:34:19","modified_gmt":"2025-10-14T07:34:19","slug":"stufa-a-pellet-quadra-canalizzata-kalor","status":"publish","type":"product","link":"https:\/\/www.fokussrl.com\/it\/prodotto\/stufa-a-pellet-quadra-canalizzata-kalor\/","title":{"rendered":"Stufa a pellet QUADRA canalizzata &#8211; Kalor"},"content":{"rendered":"<ul>\n<li>Mod. 12C 280 m3<\/li>\n<li>Potenza globale 12,01 3,04<\/li>\n<li>Potenza nominale 11,14 2,92<\/li>\n<li>Consumo orario pellet 2,45 0,62<\/li>\n<li>Efficienza 95,93 92,74<\/li>\n<li>Diametro uscita fumi \u00d8 mm 80<\/li>\n<li>Capacit\u00e0 serbatoio pellet Kg19<\/li>\n<li>Autonomia 30 8<\/li>\n<li>Potenza elettrica di esercizio 300 120<\/li>\n<\/ul>\n","protected":false},"excerpt":{"rendered":"<p>La stufa <span style=\"font-family: HelveticaNeueW01-65Medi, HelveticaNeueW02-65Medi, HelveticaNeueW10-65Medi, sans-serif;\"><b>Quadra<\/b><\/span> \u00e8 caratterizzata da una profondit\u00e0 ridotta (25,9 cm). Tutti i modelli includono la possibilit\u00e0 di incanalare l&#8217;aria verso una stanza comunicante. La camera di combustione \u00e8 in vermiculite.<\/p>\n","protected":false},"featured_media":67012,"template":"","meta":{"_acf_changed":false},"product_brand":[4033],"product_cat":[4551],"product_tag":[1943],"class_list":{"0":"post-60709","1":"product","2":"type-product","3":"status-publish","4":"has-post-thumbnail","6":"product_brand-kalor","7":"product_cat-stufe-a-pellet-canalizzate","8":"product_tag-stufe-a-pellet-canalizzate-kalor","9":"product_shipping_class-stufe-a-pellet-canalizzate","10":"pa_colore-bianco","11":"pa_colore-bordeaux","12":"pa_colore-nero","13":"sales-flash-overlay","14":"woocommerce-text-align-center","15":"woocommerce-image-align-center","16":"do-quantity-buttons","18":"first","19":"instock","20":"taxable","21":"shipping-taxable","22":"purchasable","23":"product-type-variable"},"acf":[],"_links":{"self":[{"href":"https:\/\/www.fokussrl.com\/it\/wp-json\/wp\/v2\/product\/60709","targetHints":{"allow":["GET"]}}],"collection":[{"href":"https:\/\/www.fokussrl.com\/it\/wp-json\/wp\/v2\/product"}],"about":[{"href":"https:\/\/www.fokussrl.com\/it\/wp-json\/wp\/v2\/types\/product"}],"wp:featuredmedia":[{"embeddable":true,"href":"https:\/\/www.fokussrl.com\/it\/wp-json\/wp\/v2\/media\/67012"}],"wp:attachment":[{"href":"https:\/\/www.fokussrl.com\/it\/wp-json\/wp\/v2\/media?parent=60709"}],"wp:term":[{"taxonomy":"product_brand","embeddable":true,"href":"https:\/\/www.fokussrl.com\/it\/wp-json\/wp\/v2\/product_brand?post=60709"},{"taxonomy":"product_cat","embeddable":true,"href":"https:\/\/www.fokussrl.com\/it\/wp-json\/wp\/v2\/product_cat?post=60709"},{"taxonomy":"product_tag","embeddable":true,"href":"https:\/\/www.fokussrl.com\/it\/wp-json\/wp\/v2\/product_tag?post=60709"}],"curies":[{"name":"wp","href":"https:\/\/api.w.org\/{rel}","templated":true}]}}