{"id":60881,"date":"2025-02-04T01:16:48","date_gmt":"2025-02-04T00:16:48","guid":{"rendered":"http:\/\/fokussrl.com\/prodotto\/stufa-a-pellet-ventilata-luisella-la-nordica-extraflame\/"},"modified":"2026-01-16T08:57:46","modified_gmt":"2026-01-16T07:57:46","slug":"stufa-a-pellet-ventilata-luisella-la-nordica-extraflame","status":"publish","type":"product","link":"https:\/\/www.fokussrl.com\/it\/prodotto\/stufa-a-pellet-ventilata-luisella-la-nordica-extraflame\/","title":{"rendered":"Stufa a pellet ventilata LUISELLA &#8211; La Nordica &#8211; Extraflame"},"content":{"rendered":"<ul>\n<li>Porta fuoco, focolare e braciere in ghisa<\/li>\n<li>Scambiatore di calore a fascio tubiero<\/li>\n<li>Vano cenere<\/li>\n<li>Serbatoio stagno<\/li>\n<li>Ventilazione ambiente superiore con motore dedicato ed escludibile<\/li>\n<li>Profondit\u00e0 ridotta<\/li>\n<li>Possibilit\u00e0 di uscita per lo scarico fumi: posteriore, superiore<\/li>\n<li>Focolare estraibile da assistenza autorizzata<\/li>\n<li>Easy Control<\/li>\n<li>Easy Setup<\/li>\n<li>Telecomando a 5 tasti<\/li>\n<li>Display LED<\/li>\n<li><strong>2,5 5,1 kW <\/strong>Potenza termica nominale<\/li>\n<li><strong>146 m3 <\/strong>m\u00b3 riscaldabili<\/li>\n<li>Rendimento 92,4 92,4%<\/li>\n<li>Consumo orario 0,5 1,1 kg\/h<\/li>\n<li>Dimensioni (LxHxP) 572x892x307 mm<\/li>\n<li>Peso Netto 64 kg<\/li>\n<li>Diametro scarico fumi (\u00d8) 80 mm P\/S<\/li>\n<li>Capacit\u00e0 totale serbatoio~10 kg<\/li>\n<li>Certificazione Ambientale DM186 5 STELLE<\/li>\n<li>Classe Energetica A +<\/li>\n<\/ul>\n","protected":false},"excerpt":{"rendered":"<p>Stufa a pellet slim ideale per corridoi e dove non c&#8217;\u00e8 molto spazio avendo una profondit\u00e0 ridotta a soli 31 cm ed una larghezza di soli 57 cm. Quindi con questa stufa risolvete molti problemi perch\u00e8 \u00e8 stretta ed anche poco profonda.<\/p>\n","protected":false},"featured_media":60882,"template":"","meta":{"_acf_changed":false},"product_brand":[4039],"product_cat":[4550],"product_tag":[1868],"class_list":{"0":"post-60881","1":"product","2":"type-product","3":"status-publish","4":"has-post-thumbnail","6":"product_brand-la-nordica-extraflame","7":"product_cat-stufe-a-pellet","8":"product_tag-stufe-a-pellet-la-nordica-extraflame","9":"product_shipping_class-stufe-a-pellet","10":"pa_colore-bordeaux","11":"pa_colore-grigio-grafite","12":"pa_colore-nero","13":"sales-flash-overlay","14":"woocommerce-text-align-center","15":"woocommerce-image-align-center","16":"do-quantity-buttons","18":"first","19":"instock","20":"taxable","21":"shipping-taxable","22":"purchasable","23":"product-type-variable"},"acf":[],"_links":{"self":[{"href":"https:\/\/www.fokussrl.com\/it\/wp-json\/wp\/v2\/product\/60881","targetHints":{"allow":["GET"]}}],"collection":[{"href":"https:\/\/www.fokussrl.com\/it\/wp-json\/wp\/v2\/product"}],"about":[{"href":"https:\/\/www.fokussrl.com\/it\/wp-json\/wp\/v2\/types\/product"}],"wp:featuredmedia":[{"embeddable":true,"href":"https:\/\/www.fokussrl.com\/it\/wp-json\/wp\/v2\/media\/60882"}],"wp:attachment":[{"href":"https:\/\/www.fokussrl.com\/it\/wp-json\/wp\/v2\/media?parent=60881"}],"wp:term":[{"taxonomy":"product_brand","embeddable":true,"href":"https:\/\/www.fokussrl.com\/it\/wp-json\/wp\/v2\/product_brand?post=60881"},{"taxonomy":"product_cat","embeddable":true,"href":"https:\/\/www.fokussrl.com\/it\/wp-json\/wp\/v2\/product_cat?post=60881"},{"taxonomy":"product_tag","embeddable":true,"href":"https:\/\/www.fokussrl.com\/it\/wp-json\/wp\/v2\/product_tag?post=60881"}],"curies":[{"name":"wp","href":"https:\/\/api.w.org\/{rel}","templated":true}]}}