{"id":61026,"date":"2025-02-04T01:16:53","date_gmt":"2025-02-04T00:16:53","guid":{"rendered":"http:\/\/fokussrl.com\/prodotto\/termostufa-a-pellet-ermetica-virna-idro-la-nordica-extraflame\/"},"modified":"2026-01-15T21:36:44","modified_gmt":"2026-01-15T20:36:44","slug":"termostufa-a-pellet-ermetica-virna-idro-la-nordica-extraflame","status":"publish","type":"product","link":"https:\/\/www.fokussrl.com\/it\/prodotto\/termostufa-a-pellet-ermetica-virna-idro-la-nordica-extraflame\/","title":{"rendered":"Termostufa a pellet ermetica VIRNA IDRO &#8211; La Nordica &#8211; Extraflame"},"content":{"rendered":"<ul>\n<li>Camera di combustione in acciaio ad alto spessore<\/li>\n<li>Porta fuoco e braciere in ghisa<\/li>\n<li>Scambiatore di calore a fascio tubiero (pulizia manuale)<\/li>\n<li>Vano cenere estraibile<\/li>\n<li>Senza ventilazione<\/li>\n<li>Candeletta ceramica per accensione rapida<\/li>\n<li>Circolatore con controllo PWM<\/li>\n<li>Sonda in camera di combustione<\/li>\n<li>Sicurezze termiche e di pressione acqua<\/li>\n<li>Valvola di sicurezza 3 bar<\/li>\n<li>Vaso di espansione<\/li>\n<li>Sfiato aria<\/li>\n<li>Trasduttore di pressione con visualizzazione su display<\/li>\n<li>Profondit\u00e0 ridotta<\/li>\n<li>Porta singola con doppio vetro (entrambi ceramici)<\/li>\n<li>Possibilit\u00e0 di uscita per lo scarico fumi: posteriore, superiore, laterale destro<\/li>\n<li>Telecomando a 9 tasti<\/li>\n<li>Display Black LCD<\/li>\n<\/ul>\n<p>Questo prodotto \u00e8 certificato <strong>4 stelle<\/strong> secondo i requisiti di emissioni e rendimento della certificazione <strong>Aria Pulita<\/strong><\/p>\n<ul>\n<li><strong>4,3-14,5 kW <\/strong>Potenza termica nominale<\/li>\n<li><strong>12,3 kW-H2O <\/strong>Potenza resa all&#8217;acqua<\/li>\n<li><strong>415 m3 <\/strong>m\u00b3 riscaldabili<\/li>\n<li>Rendimento 95,2 93,0%<\/li>\n<li>Dimensioni (LxHxP) 793x1105x384 mm<\/li>\n<li>Peso Netto 151 kg<\/li>\n<li>Consumo orario 0,9 3,2 kg\/h<\/li>\n<li>Diametro scarico fumi (\u00d8) 100 mm<\/li>\n<li>Capacit\u00e0 totale serbatoio 22 kg<\/li>\n<li>Classe Energetica A+<\/li>\n<\/ul>\n","protected":false},"excerpt":{"rendered":"<p>La Virna Idro Extraflame \u00e8 una termostufa a pellet compatta ed ermetica progettata per il riscaldamento efficace di ambienti domestici, ideale per spazi limitati come monolocali e stanze da letto. Grazie alla sua struttura ermetica, non richiede prese d&#8217;aria aggiuntive e preleva l&#8217;aria di combustione direttamente dall&#8217;esterno tramite un tubo ermetico, garantendo sicurezza e affidabilit\u00e0. Il suo rivestimento in acciaio verniciato \u00e8 disponibile in tre colorazioni, offrendo opzioni estetiche diverse. Dotata di una candeletta in ceramica con sistema di accensione avanzato, offre anche la flessibilit\u00e0 dello scarico fumi tramite un&#8217;uscita posteriore, superiore o laterale destra con un diametro di \u00d8100 mm. In sintesi, la Virna Idro \u00e8 una soluzione efficiente e sicura per il riscaldamento domestico, con un design accattivante e prestazioni ottimizzate.<\/p>\n","protected":false},"featured_media":61027,"template":"","meta":{"_acf_changed":false},"product_brand":[4039],"product_cat":[4564],"product_tag":[1951],"class_list":{"0":"post-61026","1":"product","2":"type-product","3":"status-publish","4":"has-post-thumbnail","6":"product_brand-la-nordica-extraflame","7":"product_cat-termostufe-a-pellet","8":"product_tag-termostufe-a-pellet-la-nordica-extraflame","9":"product_shipping_class-termostufe-a-pellet","10":"pa_colore-bianco","11":"pa_colore-bordeaux","12":"pa_colore-tortora","13":"sales-flash-overlay","14":"woocommerce-text-align-center","15":"woocommerce-image-align-center","16":"do-quantity-buttons","18":"first","19":"instock","20":"taxable","21":"shipping-taxable","22":"purchasable","23":"product-type-variable"},"acf":[],"_links":{"self":[{"href":"https:\/\/www.fokussrl.com\/it\/wp-json\/wp\/v2\/product\/61026","targetHints":{"allow":["GET"]}}],"collection":[{"href":"https:\/\/www.fokussrl.com\/it\/wp-json\/wp\/v2\/product"}],"about":[{"href":"https:\/\/www.fokussrl.com\/it\/wp-json\/wp\/v2\/types\/product"}],"wp:featuredmedia":[{"embeddable":true,"href":"https:\/\/www.fokussrl.com\/it\/wp-json\/wp\/v2\/media\/61027"}],"wp:attachment":[{"href":"https:\/\/www.fokussrl.com\/it\/wp-json\/wp\/v2\/media?parent=61026"}],"wp:term":[{"taxonomy":"product_brand","embeddable":true,"href":"https:\/\/www.fokussrl.com\/it\/wp-json\/wp\/v2\/product_brand?post=61026"},{"taxonomy":"product_cat","embeddable":true,"href":"https:\/\/www.fokussrl.com\/it\/wp-json\/wp\/v2\/product_cat?post=61026"},{"taxonomy":"product_tag","embeddable":true,"href":"https:\/\/www.fokussrl.com\/it\/wp-json\/wp\/v2\/product_tag?post=61026"}],"curies":[{"name":"wp","href":"https:\/\/api.w.org\/{rel}","templated":true}]}}