{"id":70005,"date":"2026-01-21T09:26:24","date_gmt":"2026-01-21T08:26:24","guid":{"rendered":"https:\/\/www.fokussrl.com\/?post_type=product&#038;p=70005"},"modified":"2026-02-21T21:42:15","modified_gmt":"2026-02-21T20:42:15","slug":"caminetto-a-pellet-ory-ap-800-2f-ventilato-canalizzabile-153-kw-lartistico-5-stelle","status":"publish","type":"product","link":"https:\/\/www.fokussrl.com\/it\/prodotto\/caminetto-a-pellet-ory-ap-800-2f-ventilato-canalizzabile-153-kw-lartistico-5-stelle\/","title":{"rendered":"Caminetto a pellet ORY AP 800 2F ventilato canalizzabile 15,3 kW &#8211; L&#8217;artistico 5 stelle"},"content":{"rendered":"<ul>\n<li>Potenza termica nominale: max. 15,3 kW \/ min. 6,9 kW<\/li>\n<li>Rendimento: ma. 90,8% \/ min. 93,7%<\/li>\n<li>Consumo orario pellet: max. 3,6 kg\/h. \/ min. 1,6 kg\/h.<\/li>\n<li>Autonomia: max. 13 h. \/ min. 31 h.<\/li>\n<li>Capacit\u00e0 sebatoio: 50 Kg<\/li>\n<li>Assorbimento elettrico a regime: 95 215 W\/h.<\/li>\n<li>Ventilatore aria: 2 lateral 160 m3\/h = 320 m3\/h.<\/li>\n<li>Peso netto: 174 Kg<\/li>\n<li>INFORMAZIONI TECNICHE<\/li>\n<li>Dimensioni L 81 x P 63 x H 137 cm<\/li>\n<li>Classe energetica A+<\/li>\n<li>Efficienza energetica 117<\/li>\n<li>Codice colore 50041<\/li>\n<li>DCS doppia combustione dei fumi<\/li>\n<li>Certificazione ambientale DM186 5 stelle<\/li>\n<\/ul>\n","protected":false},"excerpt":{"rendered":"<p>\u00c8 un camino unico, progettato per l&#8217;installazione su pareti angolari. Le ampie dimensioni rendono ORY AP 800 2F importante senza essere indiscreto: la fiamma \u00e8 la vera protagonista e pu\u00f2 essere contemplata da una duplice prospettiva, creando uno spettacolo dinamico e coinvolgente. La potenza termica di questo caminetto a pellet lo rende adatto a riscaldare ampi spazi e il calore pu\u00f2 essere distribuito anche in altri locali, grazie alla possibilit\u00e0 di canalizzazione fino a 7 metri. La programmazione di accensioni e spegnimenti del termocamino si adatta alla tua quotidianit\u00e0, evitando gli sprechi. ORY AP 800 2F render\u00e0 la tua casa uno spazio caldo ed elegante, perfetto sia per i momenti di convivialit\u00e0, sia per il riposo.<\/p>\n","protected":false},"featured_media":59954,"template":"","meta":{"_acf_changed":false},"product_brand":[4037],"product_cat":[4527],"product_tag":[1862],"class_list":{"0":"post-70005","1":"product","2":"type-product","3":"status-publish","4":"has-post-thumbnail","6":"product_brand-l-artistico","7":"product_cat-caminetti-a-pellet","8":"product_tag-caminetti-a-pellet-lartistico","9":"product_shipping_class-caminetti-a-pellet","10":"pa_versione-destra","11":"pa_versione-sinistra","12":"sales-flash-overlay","13":"woocommerce-text-align-center","14":"woocommerce-image-align-center","15":"do-quantity-buttons","17":"first","18":"instock","19":"taxable","20":"shipping-taxable","21":"purchasable","22":"product-type-variable"},"acf":[],"_links":{"self":[{"href":"https:\/\/www.fokussrl.com\/it\/wp-json\/wp\/v2\/product\/70005","targetHints":{"allow":["GET"]}}],"collection":[{"href":"https:\/\/www.fokussrl.com\/it\/wp-json\/wp\/v2\/product"}],"about":[{"href":"https:\/\/www.fokussrl.com\/it\/wp-json\/wp\/v2\/types\/product"}],"wp:featuredmedia":[{"embeddable":true,"href":"https:\/\/www.fokussrl.com\/it\/wp-json\/wp\/v2\/media\/59954"}],"wp:attachment":[{"href":"https:\/\/www.fokussrl.com\/it\/wp-json\/wp\/v2\/media?parent=70005"}],"wp:term":[{"taxonomy":"product_brand","embeddable":true,"href":"https:\/\/www.fokussrl.com\/it\/wp-json\/wp\/v2\/product_brand?post=70005"},{"taxonomy":"product_cat","embeddable":true,"href":"https:\/\/www.fokussrl.com\/it\/wp-json\/wp\/v2\/product_cat?post=70005"},{"taxonomy":"product_tag","embeddable":true,"href":"https:\/\/www.fokussrl.com\/it\/wp-json\/wp\/v2\/product_tag?post=70005"}],"curies":[{"name":"wp","href":"https:\/\/api.w.org\/{rel}","templated":true}]}}