{"id":70027,"date":"2026-01-21T10:28:30","date_gmt":"2026-01-21T09:28:30","guid":{"rendered":"https:\/\/www.fokussrl.com\/?post_type=product&#038;p=70027"},"modified":"2026-02-21T21:40:09","modified_gmt":"2026-02-21T20:40:09","slug":"caminetto-a-pellet-ory-ap-800-3f-ventilato-canalizzabile-153-kw-lartistico-5-stelle","status":"publish","type":"product","link":"https:\/\/www.fokussrl.com\/it\/prodotto\/caminetto-a-pellet-ory-ap-800-3f-ventilato-canalizzabile-153-kw-lartistico-5-stelle\/","title":{"rendered":"Caminetto a pellet ORY AP 800 3F ventilato canalizzabile 15,3 kW &#8211; L&#8217;artistico 5 stelle"},"content":{"rendered":"<ul>\n<li>Potenza termica nominale: max. 15,3 kW \/ min. 6,9 kW<\/li>\n<li>Rendimento: ma. 90,8% \/ min. 93,7 %<\/li>\n<li>Consumo orario pellet: max. 3,6 kg\/h. \/ min. 1,6 kg\/h.<\/li>\n<li>Autonomia: max. 13 h. \/ min. 31 h.<\/li>\n<li>Capacit\u00e0 sebatoio: 50 kg<\/li>\n<li>Assorbimento elettrico a regime: 95 &#8211; 215 W\/h.<\/li>\n<li>Ventilatore aria: 2 lateral 160 m3\/h = 320 m3\/h.<\/li>\n<li>Peso netto: 168 kg<\/li>\n<\/ul>\n<h2>INFORMAZIONI TECNICHE<\/h2>\n<ul>\n<li>Dimensioni L 81 x P 63 x H 137 cm<\/li>\n<li>Classe energetica A+<\/li>\n<li>Efficienza energetica 117<\/li>\n<li>Codice colore 51304<\/li>\n<li>DCS doppia combustione dei fumi<\/li>\n<li>Certificazione ambientale DM186 5 Stelle<\/li>\n<\/ul>\n","protected":false},"excerpt":{"rendered":"<p>ORY AP 800 3F \u00e8 un camino a pellet composto da un\u2019ampia vetrata trifacciale dalla quale \u00e8 possibile ammirare la fiamma da tre diverse angolazioni. Le dimensioni e la potenza termica lo rendono adatto a riscaldare ambienti ampi, con la possibilit\u00e0 di diffondere il calore anche in altre stanze. ORY AP 800 3F \u00e8 un sistema di riscaldamento innovativo che, grazie alla possibilit\u00e0 di programmazione di accensioni e spegnimenti, ti permetter\u00e0 di avere il massimo comfort senza sprechi. \u00c8 un termocamino dal design unico che diventer\u00e0 il cuore pulsante della tua casa, centro della vita domestica e perfetto tocco di stile nelle occasioni speciali e di convivialit\u00e0.<\/p>\n","protected":false},"featured_media":51242,"template":"","meta":{"_acf_changed":false},"product_brand":[4037],"product_cat":[4527],"product_tag":[1862],"class_list":{"0":"post-70027","1":"product","2":"type-product","3":"status-publish","4":"has-post-thumbnail","6":"product_brand-l-artistico","7":"product_cat-caminetti-a-pellet","8":"product_tag-caminetti-a-pellet-lartistico","9":"product_shipping_class-caminetti-a-pellet","10":"sales-flash-overlay","11":"woocommerce-text-align-center","12":"woocommerce-image-align-center","13":"do-quantity-buttons","15":"first","16":"instock","17":"taxable","18":"shipping-taxable","19":"purchasable","20":"product-type-simple"},"acf":[],"_links":{"self":[{"href":"https:\/\/www.fokussrl.com\/it\/wp-json\/wp\/v2\/product\/70027","targetHints":{"allow":["GET"]}}],"collection":[{"href":"https:\/\/www.fokussrl.com\/it\/wp-json\/wp\/v2\/product"}],"about":[{"href":"https:\/\/www.fokussrl.com\/it\/wp-json\/wp\/v2\/types\/product"}],"wp:featuredmedia":[{"embeddable":true,"href":"https:\/\/www.fokussrl.com\/it\/wp-json\/wp\/v2\/media\/51242"}],"wp:attachment":[{"href":"https:\/\/www.fokussrl.com\/it\/wp-json\/wp\/v2\/media?parent=70027"}],"wp:term":[{"taxonomy":"product_brand","embeddable":true,"href":"https:\/\/www.fokussrl.com\/it\/wp-json\/wp\/v2\/product_brand?post=70027"},{"taxonomy":"product_cat","embeddable":true,"href":"https:\/\/www.fokussrl.com\/it\/wp-json\/wp\/v2\/product_cat?post=70027"},{"taxonomy":"product_tag","embeddable":true,"href":"https:\/\/www.fokussrl.com\/it\/wp-json\/wp\/v2\/product_tag?post=70027"}],"curies":[{"name":"wp","href":"https:\/\/api.w.org\/{rel}","templated":true}]}}