{"id":70557,"date":"2026-03-26T10:21:33","date_gmt":"2026-03-26T09:21:33","guid":{"rendered":"https:\/\/www.fokussrl.com\/?post_type=product&#038;p=70557"},"modified":"2026-03-26T16:00:14","modified_gmt":"2026-03-26T15:00:14","slug":"termostufa-a-pellet-e-policombustibile-lucrezia-30-kw-pasian","status":"publish","type":"product","link":"https:\/\/www.fokussrl.com\/it\/prodotto\/termostufa-a-pellet-e-policombustibile-lucrezia-30-kw-pasian\/","title":{"rendered":"Termostufa a pellet e policombustibile LUCREZIA 30 Kw &#8211; Pasian"},"content":{"rendered":"<p>Modello Lucrezia<br \/>\nPotenza kW 29.3-12.9<br \/>\nPotenza nominale (max\/min) kW 27.3-12.1<br \/>\nPotenza all&#8217;acqua (max\/min) kW 22.9-9.9<br \/>\nPotenza all&#8217;ambiente (max\/min) kW 4.4-2.2<br \/>\nConsumi min\/max (Kg\/h) 2.7-6.22<br \/>\nRendimento (%) 92.9-94.2<br \/>\nClassificazione ambientale 5 Stelle<br \/>\nClassificazione energentica A+<br \/>\nDimensioni (lxpxh) e peso 66*68*136<br \/>\nCAPACIT\u00c0 SERBATOIO (Kg) ~35<br \/>\nMAX volume riscaldabile (m3) 30 W\/mc 720 40 W\/mc 680 50 W\/mc 600<\/p>\n<p>Scarico fumi \u00f8 10 cm<br \/>\nRendimento termico: oltre 93%<br \/>\nPotenza termica nominale: min.12.1 kW &#8211; max.27.3 kW<br \/>\nAlimentazione elettrica: 230 V-50 Hz<br \/>\nPotenza massima assorbita in fase di accensione 330 W<br \/>\nPotenza assorbita a regime max. 90 W<br \/>\nPotenza assorbita a regime min. 70 W<\/p>\n<p>Rivestimento: lamiera elettroverniciata<br \/>\nFrontale: in ghisa verniciata grigio oppure nero opaco (altri colori su ordinazione)<br \/>\nInterno: Monoblocco in acciaio<br \/>\nBraciere: in acciaio termoresistente estraibile \/ in ghisa con foratura ottimizzata per i vari combustibili<br \/>\nPorta: in ghisa con vetro ceramico resistente a 750\u00b0C<br \/>\nManiglia: in acciaio verniciato<br \/>\nControllo funzione: Telecomando e pannello di comando sulla stufa<br \/>\nCronotermostato: di serie con modalit\u00e0 di programmazione giornaliera, settimanale con due fasce orarie<br \/>\nRegolazione di potenza: a cinque posizioni<br \/>\nCassetto cenere: di grandi dimensioni, estraibile<br \/>\nCombustibile: Policombustibile a PELLET, NOCCIOLINO, MAIS MISCELATO, GUSCI DI MANDORLE, NOCCIOLE, TRITI IN GENERE (con i bracieri specifici)<br \/>\nCombustione ottimizzata con aria primaria e secondaria<br \/>\nRiscaldamento:cinque livelli di potenza;possibilit\u00e0 di funzionamento con impostazione temperatura ambiente<\/p>\n<p>&nbsp;<\/p>\n","protected":false},"excerpt":{"rendered":"<p data-start=\"107\" data-end=\"361\">Una stufa policombustibile offre la flessibilit\u00e0 di utilizzare diversi tipi di combustibile grazie a un impianto progettato appositamente. Questo permette di scegliere tra ci\u00f2 che \u00e8 disponibile o in offerta, evitando di restare mai senza riscaldamento.<\/p>\n<p data-start=\"363\" data-end=\"642\">Le termostufe a pellet possono integrarsi facilmente con gli impianti di riscaldamento gi\u00e0 esistenti, affiancandosi ad altre fonti. Sono in grado di produrre acqua calda per alimentare termosifoni e\/o pannelli radianti a pavimento, riscaldando tutta la casa in modo efficiente.<\/p>\n<p data-start=\"644\" data-end=\"703\">Potenza ed estetica si incontrano nel design della stufa.<\/p>\n<p data-start=\"705\" data-end=\"888\">Grazie allo scarico fumi forzato, queste termostufe possono essere installate anche con canne fumarie di dimensioni ridotte e in posizioni non centrali rispetto all\u2019uscita dei fumi.<\/p>\n<p data-start=\"890\" data-end=\"1223\">La nuova termostufa a pellet e biomassa policombustibile Lucrezia, certificata 5 stelle ambientali, offre prestazioni elevate e massima efficienza, ed \u00e8 gi\u00e0 pronta per accedere al Conto Termico 2.0. Dal punto di vista estetico, mantiene il tradizionale frontale in ghisa e il rivestimento in maiolica, sinonimo di eleganza e durata.<\/p>\n<p data-start=\"1225\" data-end=\"1421\">Le alte performance e le emissioni ridotte, certificate secondo i pi\u00f9 severi standard europei, garantiscono un acquisto sicuro e sostenibile. Inoltre, \u00e8 gi\u00e0 predisposta per il Conto Termico 3.0.<\/p>\n","protected":false},"featured_media":70546,"template":"","meta":{"_acf_changed":false},"product_brand":[5371],"product_cat":[4566],"product_tag":[2243],"class_list":{"0":"post-70557","1":"product","2":"type-product","3":"status-publish","4":"has-post-thumbnail","6":"product_brand-pasian","7":"product_cat-termostufe-policombustibile","8":"product_tag-stufe-a-legna-pellet-laminox-idro","9":"product_shipping_class-stufe-legna-pellet","10":"pa_colore-bianco","11":"pa_colore-bordeaux","12":"pa_colore-nero","13":"pa_colore-ruggine","14":"pa_colore-sabbia","15":"pa_colore-tortora","16":"sales-flash-overlay","17":"woocommerce-text-align-center","18":"woocommerce-image-align-center","19":"do-quantity-buttons","21":"first","22":"instock","23":"taxable","24":"shipping-taxable","25":"purchasable","26":"product-type-variable"},"acf":[],"_links":{"self":[{"href":"https:\/\/www.fokussrl.com\/it\/wp-json\/wp\/v2\/product\/70557","targetHints":{"allow":["GET"]}}],"collection":[{"href":"https:\/\/www.fokussrl.com\/it\/wp-json\/wp\/v2\/product"}],"about":[{"href":"https:\/\/www.fokussrl.com\/it\/wp-json\/wp\/v2\/types\/product"}],"wp:featuredmedia":[{"embeddable":true,"href":"https:\/\/www.fokussrl.com\/it\/wp-json\/wp\/v2\/media\/70546"}],"wp:attachment":[{"href":"https:\/\/www.fokussrl.com\/it\/wp-json\/wp\/v2\/media?parent=70557"}],"wp:term":[{"taxonomy":"product_brand","embeddable":true,"href":"https:\/\/www.fokussrl.com\/it\/wp-json\/wp\/v2\/product_brand?post=70557"},{"taxonomy":"product_cat","embeddable":true,"href":"https:\/\/www.fokussrl.com\/it\/wp-json\/wp\/v2\/product_cat?post=70557"},{"taxonomy":"product_tag","embeddable":true,"href":"https:\/\/www.fokussrl.com\/it\/wp-json\/wp\/v2\/product_tag?post=70557"}],"curies":[{"name":"wp","href":"https:\/\/api.w.org\/{rel}","templated":true}]}}